{"id":2002,"date":"2025-11-10T14:59:43","date_gmt":"2025-11-10T13:59:43","guid":{"rendered":"https:\/\/lastwar-tutorial.com\/?page_id=2002"},"modified":"2025-11-10T15:00:43","modified_gmt":"2025-11-10T14:00:43","slug":"datenschutz","status":"publish","type":"page","link":"https:\/\/lastwar-tutorial.com\/da\/datenschutz\/","title":{"rendered":"Beskyttelse af data"},"content":{"rendered":"<div data-elementor-type=\"wp-page\" data-elementor-id=\"2002\" class=\"elementor elementor-2002\" data-elementor-post-type=\"page\">\n\t\t\t\t<div class=\"elementor-element elementor-element-2e31d5f e-flex e-con-boxed e-con e-parent\" data-id=\"2e31d5f\" data-element_type=\"container\" data-e-type=\"container\">\n\t\t\t\t\t<div class=\"e-con-inner\">\n\t\t\t\t<div class=\"elementor-element elementor-element-968b4fe elementor-widget elementor-widget-heading\" data-id=\"968b4fe\" data-element_type=\"widget\" data-e-type=\"widget\" data-widget_type=\"heading.default\">\n\t\t\t\t\t<h1 class=\"elementor-heading-title elementor-size-default\">Fortrolighedspolitik<\/h1>\t\t\t\t<\/div>\n\t\t\t\t<div class=\"elementor-element elementor-element-ec3284a elementor-widget elementor-widget-text-editor\" data-id=\"ec3284a\" data-element_type=\"widget\" data-e-type=\"widget\" data-widget_type=\"text-editor.default\">\n\t\t\t\t\t\t\t\t\t<h2>1. Databeskyttelse i korte tr\u00e6k<\/h2><h3>Generel information<\/h3><p>F\u00f8lgende oplysninger giver et enkelt overblik over, hvad der sker med dine personlige data, n\u00e5r du bes\u00f8ger dette websted. Personlige data er alle data, der kan bruges til at identificere dig personligt. Detaljerede oplysninger om emnet databeskyttelse kan findes i vores databeskyttelseserkl\u00e6ring, der er anf\u00f8rt under denne tekst.<\/p><h3>Dataindsamling p\u00e5 denne hjemmeside<\/h3><h4>Hvem er ansvarlig for dataindsamlingen p\u00e5 denne hjemmeside?<\/h4><p>Databehandling p\u00e5 dette websted udf\u00f8res af webstedets operat\u00f8r. Du kan finde operat\u00f8rens kontaktoplysninger i afsnittet \u201eOplysninger om den dataansvarlige\u201c i denne privatlivspolitik.<\/p><h4>Hvordan indsamler vi dine data?<\/h4><p>P\u00e5 den ene side indsamles dine data, n\u00e5r du giver dem til os. Det kan f.eks. v\u00e6re data, som du indtaster i en kontaktformular.<\/p><p>Andre data indsamles automatisk eller med dit samtykke af vores IT-systemer, n\u00e5r du bes\u00f8ger hjemmesiden. Dette er prim\u00e6rt tekniske data (f.eks. internetbrowser, operativsystem eller tidspunkt for sidevisning). Disse data indsamles automatisk, s\u00e5 snart du g\u00e5r ind p\u00e5 denne hjemmeside.<\/p><h4>Hvad bruger vi dine data til?<\/h4><p>Nogle af dataene indsamles for at sikre, at hjemmesiden leveres uden fejl. Andre data kan bruges til at analysere din brugeradf\u00e6rd. Hvis der kan indg\u00e5s eller indledes kontrakter via webstedet, behandles de overf\u00f8rte data ogs\u00e5 til kontrakttilbud, ordrer eller andre ordreforesp\u00f8rgsler.<\/p><h4>Hvilke rettigheder har du i forhold til dine data?<\/h4><p>Du har til enhver tid ret til gratis at modtage oplysninger om oprindelsen, modtageren og form\u00e5let med dine lagrede persondata. Du har ogs\u00e5 ret til at anmode om rettelse eller sletning af disse data. Hvis du har givet dit samtykke til databehandling, kan du til enhver tid tilbagekalde dette samtykke for fremtiden. Du har ogs\u00e5 ret til at anmode om begr\u00e6nsning af behandlingen af dine personoplysninger under visse omst\u00e6ndigheder. Desuden har du ret til at indgive en klage til den kompetente tilsynsmyndighed.<\/p><p>Du kan til enhver tid kontakte os, hvis du har yderligere sp\u00f8rgsm\u00e5l om databeskyttelse.<\/p><h2>2. Hosting<\/h2><p>Vi hoster indholdet p\u00e5 vores hjemmeside hos f\u00f8lgende udbyder:<\/p><h3>Mittwald<\/h3><p>Udbyderen er Mittwald CM Service GmbH &amp; Co. KG, K\u00f6nigsberger Stra\u00dfe 4-6, 32339 Espelkamp (i det f\u00f8lgende ben\u00e6vnt Mittwald).<\/p><p>N\u00e6rmere oplysninger findes i Mittwalds privatlivspolitik: <a href=\"https:\/\/www.mittwald.de\/datenschutz\" target=\"_blank\" rel=\"noopener noreferrer\">https:\/\/www.mittwald.de\/datenschutz<\/a>.<\/p><p>Brugen af Mittwald er baseret p\u00e5 artikel 6, stk. 1, litra f i GDPR. Vi har en legitim interesse i at vise vores hjemmeside s\u00e5 p\u00e5lideligt som muligt. Hvis der er anmodet om et tilsvarende samtykke, udf\u00f8res behandlingen udelukkende p\u00e5 grundlag af artikel 6, stk. 1, litra a, i GDPR og \u00a7 25, stk. 1, i TDDDG, for s\u00e5 vidt som samtykket omfatter lagring af cookies eller adgang til oplysninger i brugerens terminalenhed (f.eks. enhedens fingeraftryk) i henhold til TDDDG. Samtykket kan til enhver tid tilbagekaldes.<\/p><h4>Behandling af ordrer<\/h4><p>Vi har indg\u00e5et en databehandlingsaftale (DPA) for brugen af ovenn\u00e6vnte tjeneste. Dette er en kontrakt, der er foreskrevet i databeskyttelsesloven, og som garanterer, at den kun behandler personoplysninger om vores bes\u00f8gende p\u00e5 webstedet i overensstemmelse med vores instruktioner og i overensstemmelse med GDPR.<\/p><h2>3 Generelle bem\u00e6rkninger og obligatoriske oplysninger<\/h2><h3>Beskyttelse af data<\/h3><p>Operat\u00f8rerne af disse sider tager beskyttelsen af dine personlige data meget alvorligt. Vi behandler dine personlige data fortroligt og i overensstemmelse med de lovbestemte databeskyttelsesbestemmelser og denne privatlivspolitik.<\/p><p>N\u00e5r du bruger dette websted, indsamles der forskellige personoplysninger. Personlige data er data, der kan bruges til at identificere dig personligt. Denne privatlivspolitik forklarer, hvilke data vi indsamler, og hvad vi bruger dem til. Den forklarer ogs\u00e5, hvordan og til hvilket form\u00e5l dette g\u00f8res.<\/p><p>Vi g\u00f8r opm\u00e6rksom p\u00e5, at dataoverf\u00f8rsler via internettet (f.eks. ved kommunikation via e-mail) kan v\u00e6re beh\u00e6ftet med sikkerhedsbrister. Fuldst\u00e6ndig beskyttelse af data mod adgang fra tredjeparter er ikke mulig.<\/p><h3>Note om det ansvarlige organ<\/h3><p>Den ansvarlige for databehandlingen p\u00e5 dette websted er<\/p><p>Telfonio GmbH &amp; Co. KG<br \/>Chausseestra\u00dfe, 59C<br \/>10115 Berlin<\/p><p>Telefon: 0938 \/ 15 24 022-0<br \/>E-mail: scheckenbach@mobilfunk-talk.de<\/p><p>Den dataansvarlige er den fysiske eller juridiske person, der alene eller sammen med andre bestemmer form\u00e5let med og midlerne til behandling af personoplysninger (f.eks. navne, e-mailadresser osv.).<\/p><h3>Varighed af opbevaring<\/h3><p>Medmindre der er angivet en mere specifik opbevaringsperiode i denne privatlivspolitik, vil dine personoplysninger forblive hos os, indtil form\u00e5let med databehandlingen ikke l\u00e6ngere g\u00e6lder. Hvis du frems\u00e6tter en berettiget anmodning om sletning eller tilbagekalder dit samtykke til databehandling, vil dine data blive slettet, medmindre vi har andre juridisk tilladte grunde til at opbevare dine personlige data (f.eks. opbevaringsperioder i henhold til skatte- eller handelslovgivning); i sidstn\u00e6vnte tilf\u00e6lde vil sletningen finde sted, n\u00e5r disse grunde ikke l\u00e6ngere er g\u00e6ldende.<\/p><h3>Generelle oplysninger om retsgrundlaget for databehandling p\u00e5 dette websted<\/h3><p>Hvis du har givet dit samtykke til databehandling, behandler vi dine personoplysninger p\u00e5 grundlag af art. 6, stk. 1, litra a, i GDPR eller art. 9, stk. 2, litra a, i GDPR, for s\u00e5 vidt som s\u00e6rlige kategorier af data behandles i henhold til art. 9, stk. 1, i GDPR. I tilf\u00e6lde af udtrykkeligt samtykke til overf\u00f8rsel af personoplysninger til tredjelande sker databehandlingen ogs\u00e5 p\u00e5 grundlag af art. 49, stk. 1, litra a, i GDPR. Hvis du har givet samtykke til lagring af cookies eller adgang til oplysninger i din slutenhed (f.eks. via enhedens fingeraftryk), udf\u00f8res databehandlingen ogs\u00e5 p\u00e5 grundlag af \u00a7 25, stk. 1, i TDDDG. Samtykket kan til enhver tid tilbagekaldes. Hvis dine data er n\u00f8dvendige til opfyldelse af en kontrakt eller til gennemf\u00f8relse af foranstaltninger forud for kontraktindg\u00e5else, behandler vi dine data p\u00e5 grundlag af artikel 6, stk. 1, litra b, i GDPR. Desuden behandler vi dine data, hvis dette er n\u00f8dvendigt for at opfylde en juridisk forpligtelse p\u00e5 grundlag af artikel 6, stk. 1, litra c, i GDPR. Databehandling kan ogs\u00e5 udf\u00f8res p\u00e5 grundlag af vores legitime interesse i overensstemmelse med artikel 6, stk. 1, litra f, i GDPR. Oplysninger om de relevante retsgrundlag i hvert enkelt tilf\u00e6lde findes i de f\u00f8lgende afsnit i denne privatlivspolitik.<\/p><h3>Modtagere af personoplysninger<\/h3><p>Som en del af vores forretningsaktiviteter arbejder vi sammen med forskellige eksterne organisationer. I nogle tilf\u00e6lde er det ogs\u00e5 n\u00f8dvendigt at overf\u00f8re personoplysninger til disse eksterne organisationer. Vi videregiver kun personoplysninger til eksterne organer, hvis det er n\u00f8dvendigt for at opfylde en kontrakt, hvis vi er juridisk forpligtet til at g\u00f8re det (f.eks. videregivelse af data til skattemyndigheder), hvis vi har en legitim interesse i overf\u00f8rslen i overensstemmelse med artikel 6, stk. 1, litra f, i GDPR, eller hvis et andet retsgrundlag tillader overf\u00f8rsel af data. N\u00e5r vi bruger databehandlere, videregiver vi kun vores kunders personoplysninger p\u00e5 grundlag af en gyldig kontrakt om ordrebehandling. I tilf\u00e6lde af f\u00e6lles behandling indg\u00e5s en f\u00e6lles behandlingsaftale.<\/p><h3>Tilbagekaldelse af dit samtykke til databehandling<\/h3><p>Mange databehandlingsoperationer er kun mulige med dit udtrykkelige samtykke. Du kan til enhver tid tr\u00e6kke dit samtykke tilbage. Lovligheden af den databehandling, der er udf\u00f8rt indtil tilbagekaldelsen, forbliver up\u00e5virket af tilbagekaldelsen.<\/p><h3>Ret til at g\u00f8re indsigelse mod indsamling af data i s\u00e6rlige tilf\u00e6lde og mod direkte markedsf\u00f8ring (art. 21 GDPR)<\/h3><p>HVIS DATABEHANDLINGEN ER BASERET P\u00c5 ART. 6 ABS. 1 LIT. E ELLER F GDPR, HAR DU TIL ENHVER TID RET TIL AT G\u00d8RE INDSIGELSE MOD BEHANDLINGEN AF DINE PERSONOPLYSNINGER AF GRUNDE, DER VEDR\u00d8RER DIN S\u00c6RLIGE SITUATION; DETTE G\u00c6LDER OGS\u00c5 FOR PROFILERING BASERET P\u00c5 DISSE BESTEMMELSER. DET RESPEKTIVE RETSGRUNDLAG, SOM BEHANDLINGEN ER BASERET P\u00c5, KAN FINDES I DENNE PRIVATLIVSPOLITIK. HVIS DU G\u00d8R INDSIGELSE, VIL VI IKKE L\u00c6NGERE BEHANDLE DINE PERSONOPLYSNINGER, MEDMINDRE VI KAN P\u00c5VISE TVINGENDE LEGITIME GRUNDE TIL BEHANDLINGEN, SOM G\u00c5R FORUD FOR DINE INTERESSER, RETTIGHEDER OG FRIHEDER, ELLER BEHANDLINGEN TJENER TIL FASTL\u00c6GGELSE, UD\u00d8VELSE ELLER FORSVAR AF RETSKRAV (INDSIGELSE I HENHOLD TIL ART. 21, STK. 1, I GDPR).<\/p><p>HVIS DINE PERSONOPLYSNINGER BEHANDLES MED HENBLIK P\u00c5 DIREKTE MARKEDSF\u00d8RING, HAR DU TIL ENHVER TID RET TIL AT G\u00d8RE INDSIGELSE MOD BEHANDLINGEN AF DINE PERSONOPLYSNINGER MED HENBLIK P\u00c5 S\u00c5DAN MARKEDSF\u00d8RING; DETTE G\u00c6LDER OGS\u00c5 FOR PROFILERING, FOR S\u00c5 VIDT SOM DEN ER RELATERET TIL S\u00c5DAN DIREKTE MARKEDSF\u00d8RING. HVIS DU G\u00d8R INDSIGELSE, VIL DINE PERSONOPLYSNINGER EFTERF\u00d8LGENDE IKKE L\u00c6NGERE BLIVE BRUGT TIL DIREKTE MARKEDSF\u00d8RING (INDSIGELSE I HENHOLD TIL ART. 21, STK. 2, I GDPR).<\/p><h3>Ret til at indgive en klage til den kompetente tilsynsmyndighed<\/h3><p>I tilf\u00e6lde af overtr\u00e6delser af GDPR har de registrerede ret til at indgive en klage til en tilsynsmyndighed, navnlig i den medlemsstat, hvor de har deres s\u00e6dvanlige opholdssted, arbejdssted eller det sted, hvor den p\u00e5st\u00e5ede overtr\u00e6delse fandt sted. Retten til at indgive en klage ber\u00f8rer ikke andre administrative eller retlige midler.<\/p><h3>Ret til dataportabilitet<\/h3><p>Du har ret til at f\u00e5 data, som vi behandler automatisk p\u00e5 grundlag af dit samtykke eller til opfyldelse af en kontrakt, udleveret til dig eller til en tredjepart i et almindeligt anvendt, maskinl\u00e6sbart format. Hvis du anmoder om direkte overf\u00f8rsel af data til en anden dataansvarlig, vil dette kun ske i det omfang, det er teknisk muligt.<\/p><h3>Information, rettelse og sletning<\/h3><p>Inden for rammerne af de g\u00e6ldende lovbestemmelser har du til enhver tid ret til gratis information om dine lagrede personlige data, deres oprindelse og modtager og form\u00e5let med databehandlingen og om n\u00f8dvendigt ret til korrektion eller sletning af disse data. Du kan til enhver tid kontakte os, hvis du har yderligere sp\u00f8rgsm\u00e5l om persondata.<\/p><h3>Ret til begr\u00e6nsning af behandling<\/h3><p>Du har ret til at anmode om begr\u00e6nsning af behandlingen af dine personoplysninger. Du kan til enhver tid kontakte os for at g\u00f8re dette. Retten til begr\u00e6nsning af behandling findes i f\u00f8lgende tilf\u00e6lde:<\/p><ul><li>Hvis du bestrider rigtigheden af dine personlige data, som vi har gemt, har vi generelt brug for tid til at kontrollere dette. S\u00e5 l\u00e6nge gennemgangen varer, har du ret til at anmode om, at behandlingen af dine personoplysninger begr\u00e6nses.<\/li><li>Hvis behandlingen af dine personoplysninger var\/er ulovlig, kan du anmode om begr\u00e6nsning af databehandlingen i stedet for sletning.<\/li><li>Hvis vi ikke l\u00e6ngere har brug for dine personoplysninger, men du har brug for dem til at ud\u00f8ve, forsvare eller h\u00e6vde juridiske krav, har du ret til at anmode om begr\u00e6nsning af behandlingen af dine personoplysninger i stedet for sletning.<\/li><li>Hvis du har gjort indsigelse i henhold til artikel 21, stk. 1, i GDPR, skal der foretages en afvejning mellem dine og vores interesser. S\u00e5 l\u00e6nge det endnu ikke er afgjort, hvis interesser der g\u00e5r forud, har du ret til at anmode om begr\u00e6nsning af behandlingen af dine personoplysninger.<\/li><\/ul><p>Hvis du har begr\u00e6nset behandlingen af dine personlige data, m\u00e5 disse data - bortset fra opbevaring - kun behandles med dit samtykke eller til etablering, ud\u00f8velse eller forsvar af juridiske krav eller til beskyttelse af en anden fysisk eller juridisk persons rettigheder eller af hensyn til vigtige offentlige interesser i Den Europ\u00e6iske Union eller i en medlemsstat.<\/p><h3>SSL- eller TLS-kryptering<\/h3><p>Dette websted bruger SSL- eller TLS-kryptering af sikkerhedsm\u00e6ssige \u00e5rsager og for at beskytte overf\u00f8rslen af fortroligt indhold, s\u00e5som ordrer eller foresp\u00f8rgsler, som du sender til os som webstedsoperat\u00f8r. Du kan genkende en krypteret forbindelse ved, at adresselinjen i browseren skifter fra \u201ehttp:\/\/\u201c til \u201ehttps:\/\/\u201c og ved l\u00e5sesymbolet i din browserlinje.<\/p><p>Hvis SSL- eller TLS-kryptering er aktiveret, kan de data, du sender til os, ikke l\u00e6ses af tredjeparter.<\/p><h2>4. Plugins og v\u00e6rkt\u00f8jer<\/h2><h3>Google Fonts (lokal hosting)<\/h3><p>Dette websted bruger s\u00e5kaldte Google Fonts, som leveres af Google, til standardiseret visning af skrifttyper. Google-skrifttyperne er installeret lokalt. Der er ingen forbindelse til Googles servere.<\/p><p>Du kan finde flere oplysninger om Google Fonts p\u00e5 <a href=\"https:\/\/developers.google.com\/fonts\/faq\" target=\"_blank\" rel=\"noopener noreferrer\">https:\/\/developers.google.com\/fonts\/faq<\/a> og i Googles privatlivspolitik: <a href=\"https:\/\/policies.google.com\/privacy?hl=de\" target=\"_blank\" rel=\"noopener noreferrer\">https:\/\/policies.google.com\/privacy?hl=de<\/a>.<\/p><h2>5. Online markedsf\u00f8ring og partnerprogrammer<\/h2><h3>Affiliate-programmer p\u00e5 denne hjemmeside<\/h3><p>Vi deltager i affiliate-partnerprogrammer. I affiliate-partnerprogrammer placeres en virksomheds reklamer p\u00e5 websteder eller andre medier tilh\u00f8rende andre virksomheder i affiliate-partnernetv\u00e6rket. Hvis du klikker p\u00e5 en af disse affiliate-annoncer, bliver du omdirigeret til det annoncerede tilbud. Hvis du efterf\u00f8lgende foretager en bestemt transaktion (konvertering), modtager affiliate-partneren og, hvis det er relevant, ejeren af det medie, hvor annoncen blev placeret, et gebyr for dette. For at kunne beregne dette vederlag er det n\u00f8dvendigt for affiliate-netv\u00e6rksoperat\u00f8ren at kunne spore, hvilken annonce der bragte dig til det respektive tilbud, og hvilken foruddefineret transaktion du udf\u00f8rte. Cookies eller sammenlignelige genkendelsesteknologier (f.eks. enhedens fingeraftryk) bruges til dette form\u00e5l.<\/p><p>Dataene gemmes og analyseres p\u00e5 grundlag af artikel 6, stk. 1, litra f, i GDPR. Deltagerne i affiliate-programmet har en legitim interesse i en korrekt beregning af affiliate-vederlaget. Hvis der er anmodet om et tilsvarende samtykke, udf\u00f8res behandlingen udelukkende p\u00e5 grundlag af artikel 6, stk. 1, litra a, i GDPR og \u00a7 25, stk. 1, i TDDDG, for s\u00e5 vidt som samtykket omfatter lagring af cookies eller adgang til oplysninger i brugerens slutenhed (f.eks. enhedens fingeraftryk) i den betydning, der er angivet i TDDDG. Samtykket kan til enhver tid tilbagekaldes.<\/p>\t\t\t\t\t\t\t\t<\/div>\n\t\t\t\t\t<\/div>\n\t\t\t\t<\/div>\n\t\t\t\t<\/div>","protected":false},"excerpt":{"rendered":"<p>Privatlivspolitik 1. Databeskyttelse i korte tr\u00e6k Generelle oplysninger F\u00f8lgende oplysninger giver et enkelt overblik over, hvad der sker med dine personlige data, n\u00e5r du bes\u00f8ger dette websted. Personlige data er alle data, der kan bruges til at identificere dig personligt. Detaljerede oplysninger om emnet databeskyttelse kan findes i vores databeskyttelseserkl\u00e6ring, der er anf\u00f8rt under denne tekst. Dataindsamling p\u00e5 denne [...]<\/p>","protected":false},"author":1,"featured_media":0,"parent":0,"menu_order":0,"comment_status":"closed","ping_status":"closed","template":"","meta":{"_acf_changed":false,"footnotes":""},"class_list":["post-2002","page","type-page","status-publish","hentry"],"acf":[],"_links":{"self":[{"href":"https:\/\/lastwar-tutorial.com\/da\/wp-json\/wp\/v2\/pages\/2002","targetHints":{"allow":["GET"]}}],"collection":[{"href":"https:\/\/lastwar-tutorial.com\/da\/wp-json\/wp\/v2\/pages"}],"about":[{"href":"https:\/\/lastwar-tutorial.com\/da\/wp-json\/wp\/v2\/types\/page"}],"author":[{"embeddable":true,"href":"https:\/\/lastwar-tutorial.com\/da\/wp-json\/wp\/v2\/users\/1"}],"replies":[{"embeddable":true,"href":"https:\/\/lastwar-tutorial.com\/da\/wp-json\/wp\/v2\/comments?post=2002"}],"version-history":[{"count":4,"href":"https:\/\/lastwar-tutorial.com\/da\/wp-json\/wp\/v2\/pages\/2002\/revisions"}],"predecessor-version":[{"id":2006,"href":"https:\/\/lastwar-tutorial.com\/da\/wp-json\/wp\/v2\/pages\/2002\/revisions\/2006"}],"wp:attachment":[{"href":"https:\/\/lastwar-tutorial.com\/da\/wp-json\/wp\/v2\/media?parent=2002"}],"curies":[{"name":"wp","href":"https:\/\/api.w.org\/{rel}","templated":true}]}}