{"id":1994,"date":"2025-11-10T14:55:50","date_gmt":"2025-11-10T13:55:50","guid":{"rendered":"https:\/\/lastwar-tutorial.com\/?page_id=1994"},"modified":"2025-11-10T14:59:21","modified_gmt":"2025-11-10T13:59:21","slug":"impressum","status":"publish","type":"page","link":"https:\/\/lastwar-tutorial.com\/es\/impressum\/","title":{"rendered":"Pie de imprenta"},"content":{"rendered":"<div data-elementor-type=\"wp-page\" data-elementor-id=\"1994\" class=\"elementor elementor-1994\" data-elementor-post-type=\"page\">\n\t\t\t\t<div class=\"elementor-element elementor-element-3bc56a2 e-flex e-con-boxed e-con e-parent\" data-id=\"3bc56a2\" data-element_type=\"container\" data-e-type=\"container\">\n\t\t\t\t\t<div class=\"e-con-inner\">\n\t\t\t\t<div class=\"elementor-element elementor-element-aeee739 elementor-widget elementor-widget-heading\" data-id=\"aeee739\" data-element_type=\"widget\" data-e-type=\"widget\" data-widget_type=\"heading.default\">\n\t\t\t\t\t<h1 class=\"elementor-heading-title elementor-size-default\">Pie de imprenta<\/h1>\t\t\t\t<\/div>\n\t\t\t\t<div class=\"elementor-element elementor-element-766b1fc elementor-widget elementor-widget-text-editor\" data-id=\"766b1fc\" data-element_type=\"widget\" data-e-type=\"widget\" data-widget_type=\"text-editor.default\">\n\t\t\t\t\t\t\t\t\t<p><strong>lastwar-tutorial es un proyecto de:<\/strong><br \/>Telfonio GmbH &amp; Co. KG<br \/>Chausseestra\u00dfe, 59C<br \/>10115 Berl\u00edn<\/p><p><strong>Representado por:<\/strong><br \/>Scheckenbach Verwaltung GmbH<br \/>Chausseestr. 59C<br \/>10115 Berl\u00edn<\/p><p>Esto est\u00e1 representado por:<br \/>Thomas Scheckenbach<\/p><p>Registro mercantil: HRB 133598B<br \/>Juzgado de registro: Juzgado de Primera Instancia de Charlottenburg<\/p><h2>P\u00f3ngase en contacto con nosotros<\/h2><p>Tel\u00e9fono: 0938 \/ 15 24 022-0<br \/>Correo electr\u00f3nico: scheckenbach@mobilfunk-talk.de<\/p><h2>N\u00famero de identificaci\u00f3n fiscal<\/h2><p>N\u00famero de identificaci\u00f3n fiscal conforme al art\u00edculo 27 a de la Ley del impuesto sobre el volumen de negocios:<br \/>ES 277446350<\/p><h2>Editorialmente responsable<\/h2><p>Thomas Scheckenbach<\/p><h2>Realizaci\u00f3n:<\/h2><p><a href=\"https:\/\/thecase.digital\" target=\"_blank\" rel=\"noopener\">theCASE.digital<\/a><\/p>\t\t\t\t\t\t\t\t<\/div>\n\t\t\t\t\t<\/div>\n\t\t\t\t<\/div>\n\t\t\t\t<\/div>","protected":false},"excerpt":{"rendered":"<p>Pie de imprenta lastwar-tutorial es un proyecto de:Telfonio GmbH &amp; Co. KGChausseestra\u00dfe, 59C10115 Berlin Representada por:Scheckenbach Verwaltung GmbHChausseestr. 59C10115 Berlin Representado por:Thomas Scheckenbach Registro mercantil: HRB 133598BRegistergericht: Amtsgericht Charlottenburg Tel\u00e9fono de contacto: 0938 \/ 15 24 022-0E-mail: scheckenbach@mobilfunk-talk.de N\u00famero de identificaci\u00f3n fiscal N\u00famero de identificaci\u00f3n fiscal seg\u00fan \u00a7 27 a Umsatzsteuergesetz:DE 277446350 Responsable editorial Thomas Scheckenbach Realizaci\u00f3n: theCASE.digital<\/p>","protected":false},"author":1,"featured_media":0,"parent":0,"menu_order":0,"comment_status":"closed","ping_status":"closed","template":"","meta":{"_acf_changed":false,"footnotes":""},"class_list":["post-1994","page","type-page","status-publish","hentry"],"acf":[],"_links":{"self":[{"href":"https:\/\/lastwar-tutorial.com\/es\/wp-json\/wp\/v2\/pages\/1994","targetHints":{"allow":["GET"]}}],"collection":[{"href":"https:\/\/lastwar-tutorial.com\/es\/wp-json\/wp\/v2\/pages"}],"about":[{"href":"https:\/\/lastwar-tutorial.com\/es\/wp-json\/wp\/v2\/types\/page"}],"author":[{"embeddable":true,"href":"https:\/\/lastwar-tutorial.com\/es\/wp-json\/wp\/v2\/users\/1"}],"replies":[{"embeddable":true,"href":"https:\/\/lastwar-tutorial.com\/es\/wp-json\/wp\/v2\/comments?post=1994"}],"version-history":[{"count":4,"href":"https:\/\/lastwar-tutorial.com\/es\/wp-json\/wp\/v2\/pages\/1994\/revisions"}],"predecessor-version":[{"id":2001,"href":"https:\/\/lastwar-tutorial.com\/es\/wp-json\/wp\/v2\/pages\/1994\/revisions\/2001"}],"wp:attachment":[{"href":"https:\/\/lastwar-tutorial.com\/es\/wp-json\/wp\/v2\/media?parent=1994"}],"curies":[{"name":"wp","href":"https:\/\/api.w.org\/{rel}","templated":true}]}}