{"id":2002,"date":"2025-11-10T14:59:43","date_gmt":"2025-11-10T13:59:43","guid":{"rendered":"https:\/\/lastwar-tutorial.com\/?page_id=2002"},"modified":"2025-11-10T15:00:43","modified_gmt":"2025-11-10T14:00:43","slug":"datenschutz","status":"publish","type":"page","link":"https:\/\/lastwar-tutorial.com\/es\/datenschutz\/","title":{"rendered":"Protecci\u00f3n de datos"},"content":{"rendered":"<div data-elementor-type=\"wp-page\" data-elementor-id=\"2002\" class=\"elementor elementor-2002\" data-elementor-post-type=\"page\">\n\t\t\t\t<div class=\"elementor-element elementor-element-2e31d5f e-flex e-con-boxed e-con e-parent\" data-id=\"2e31d5f\" data-element_type=\"container\" data-e-type=\"container\">\n\t\t\t\t\t<div class=\"e-con-inner\">\n\t\t\t\t<div class=\"elementor-element elementor-element-968b4fe elementor-widget elementor-widget-heading\" data-id=\"968b4fe\" data-element_type=\"widget\" data-e-type=\"widget\" data-widget_type=\"heading.default\">\n\t\t\t\t\t<h1 class=\"elementor-heading-title elementor-size-default\">Pol\u00edtica de privacidad<\/h1>\t\t\t\t<\/div>\n\t\t\t\t<div class=\"elementor-element elementor-element-ec3284a elementor-widget elementor-widget-text-editor\" data-id=\"ec3284a\" data-element_type=\"widget\" data-e-type=\"widget\" data-widget_type=\"text-editor.default\">\n\t\t\t\t\t\t\t\t\t<h2>1. la protecci\u00f3n de datos de un vistazo<\/h2><h3>Informaci\u00f3n general<\/h3><p>La siguiente informaci\u00f3n ofrece una visi\u00f3n general de lo que ocurre con sus datos personales cuando visita este sitio web. Por datos personales se entiende cualquier dato que pueda utilizarse para identificarle personalmente. Encontrar\u00e1 informaci\u00f3n detallada sobre el tema de la protecci\u00f3n de datos en nuestra declaraci\u00f3n de protecci\u00f3n de datos que figura debajo de este texto.<\/p><h3>Recogida de datos en este sitio web<\/h3><h4>\u00bfQui\u00e9n es responsable de la recogida de datos en este sitio web?<\/h4><p>El tratamiento de datos en este sitio web lo lleva a cabo el operador del mismo. Encontrar\u00e1 los datos de contacto del operador en la secci\u00f3n \u201eInformaci\u00f3n sobre el responsable del tratamiento\u201c de esta pol\u00edtica de privacidad.<\/p><h4>\u00bfC\u00f3mo recogemos sus datos?<\/h4><p>Por un lado, sus datos se recogen cuando usted nos los facilita. Puede tratarse, por ejemplo, de datos que usted introduce en un formulario de contacto.<\/p><p>Nuestros sistemas inform\u00e1ticos recogen otros datos autom\u00e1ticamente o con su consentimiento cuando usted visita el sitio web. Se trata principalmente de datos t\u00e9cnicos (por ejemplo, navegador de Internet, sistema operativo o tiempo de visualizaci\u00f3n de la p\u00e1gina). Estos datos se recogen autom\u00e1ticamente en cuanto usted entra en este sitio web.<\/p><h4>\u00bfPara qu\u00e9 utilizamos sus datos?<\/h4><p>Algunos de los datos se recogen para garantizar que el sitio web se ofrece sin errores. Otros datos pueden utilizarse para analizar su comportamiento como usuario. En caso de que puedan celebrarse o iniciarse contratos a trav\u00e9s del sitio web, los datos transmitidos tambi\u00e9n se procesar\u00e1n para ofertas de contratos, pedidos u otras consultas de pedidos.<\/p><h4>\u00bfQu\u00e9 derechos tiene sobre sus datos?<\/h4><p>Tiene derecho a recibir informaci\u00f3n gratuita en cualquier momento sobre el origen, el destinatario y la finalidad de sus datos personales almacenados. Tambi\u00e9n tiene derecho a solicitar la correcci\u00f3n o supresi\u00f3n de estos datos. Si ha dado su consentimiento al tratamiento de datos, puede revocarlo en cualquier momento para el futuro. Tambi\u00e9n tiene derecho a solicitar la limitaci\u00f3n del tratamiento de sus datos personales en determinadas circunstancias. Adem\u00e1s, tiene derecho a presentar una reclamaci\u00f3n ante la autoridad de control competente.<\/p><p>Puede ponerse en contacto con nosotros en cualquier momento si tiene m\u00e1s preguntas sobre el tema de la protecci\u00f3n de datos.<\/p><h2>2. alojamiento<\/h2><p>Alojamos el contenido de nuestro sitio web con el siguiente proveedor:<\/p><h3>Mittwald<\/h3><p>El proveedor es Mittwald CM Service GmbH &amp; Co. KG, K\u00f6nigsberger Stra\u00dfe 4-6, 32339 Espelkamp (en lo sucesivo, Mittwald).<\/p><p>Encontrar\u00e1 m\u00e1s detalles en la pol\u00edtica de privacidad de Mittwald: <a href=\"https:\/\/www.mittwald.de\/datenschutz\" target=\"_blank\" rel=\"noopener noreferrer\">https:\/\/www.mittwald.de\/datenschutz<\/a>.<\/p><p>El uso de Mittwald se basa en el art. 6 p\u00e1rr. 1 lit. f GDPR. Tenemos un inter\u00e9s leg\u00edtimo en mostrar nuestro sitio web de la forma m\u00e1s fiable posible. Si se ha solicitado el correspondiente consentimiento, el tratamiento se lleva a cabo exclusivamente sobre la base del art. 6, apdo. 1 lit. a GDPR y del art. 25, apdo. 1 TDDDG, en la medida en que el consentimiento incluya el almacenamiento de cookies o el acceso a informaci\u00f3n en el dispositivo terminal del usuario (por ejemplo, huella digital del dispositivo) en el sentido de la TDDDG. El consentimiento puede revocarse en cualquier momento.<\/p><h4>Tramitaci\u00f3n de pedidos<\/h4><p>Hemos celebrado un acuerdo de tratamiento de datos (APD) para el uso del servicio mencionado. Se trata de un contrato prescrito por la ley de protecci\u00f3n de datos, que garantiza que procesa los datos personales de los visitantes de nuestro sitio web \u00fanicamente de acuerdo con nuestras instrucciones y en cumplimiento del GDPR.<\/p><h2>3 Notas generales e informaci\u00f3n obligatoria<\/h2><h3>Protecci\u00f3n de datos<\/h3><p>Los operadores de estas p\u00e1ginas se toman muy en serio la protecci\u00f3n de sus datos personales. Tratamos sus datos personales de forma confidencial y de conformidad con las disposiciones legales sobre protecci\u00f3n de datos y la presente pol\u00edtica de privacidad.<\/p><p>Cuando usted utiliza este sitio web, se recogen diversos datos personales. Los datos personales son datos que pueden utilizarse para identificarle personalmente. Esta pol\u00edtica de privacidad explica qu\u00e9 datos recogemos y para qu\u00e9 los utilizamos. Tambi\u00e9n explica c\u00f3mo y con qu\u00e9 fin lo hacemos.<\/p><p>Nos gustar\u00eda se\u00f1alar que la transmisi\u00f3n de datos a trav\u00e9s de Internet (por ejemplo, cuando se comunica por correo electr\u00f3nico) puede estar sujeta a vulnerabilidades de seguridad. No es posible proteger completamente los datos contra el acceso de terceros.<\/p><h3>Nota sobre el organismo responsable<\/h3><p>El responsable del tratamiento de datos en este sitio web es<\/p><p>Telfonio GmbH &amp; Co. KG<br \/>Chausseestra\u00dfe, 59C<br \/>10115 Berl\u00edn<\/p><p>Tel\u00e9fono: 0938 \/ 15 24 022-0<br \/>Correo electr\u00f3nico: scheckenbach@mobilfunk-talk.de<\/p><p>El responsable del tratamiento es la persona f\u00edsica o jur\u00eddica que, sola o conjuntamente con otras, determina los fines y medios del tratamiento de datos personales (por ejemplo, nombres, direcciones de correo electr\u00f3nico, etc.).<\/p><h3>Duraci\u00f3n del almacenamiento<\/h3><p>A menos que se haya especificado un periodo de conservaci\u00f3n m\u00e1s concreto en esta pol\u00edtica de privacidad, sus datos personales permanecer\u00e1n con nosotros hasta que el prop\u00f3sito del tratamiento de datos deje de ser aplicable. Si hace valer una solicitud justificada de supresi\u00f3n o revoca su consentimiento para el tratamiento de datos, sus datos se suprimir\u00e1n, a menos que tengamos otros motivos legalmente admisibles para almacenar sus datos personales (por ejemplo, periodos de conservaci\u00f3n en virtud de la legislaci\u00f3n fiscal o mercantil); en este \u00faltimo caso, la supresi\u00f3n tendr\u00e1 lugar cuando dejen de aplicarse dichos motivos.<\/p><h3>Informaci\u00f3n general sobre la base jur\u00eddica del tratamiento de datos en este sitio web<\/h3><p>Si ha dado su consentimiento para el tratamiento de datos, procesamos sus datos personales sobre la base del art. 6, apdo. 1 lit. a GDPR o del art. 9, apdo. 2 lit. a GDPR, en la medida en que se procesen categor\u00edas especiales de datos de conformidad con el art. 9, apdo. 1 GDPR. En caso de consentimiento expreso para la transferencia de datos personales a terceros pa\u00edses, el tratamiento de datos tambi\u00e9n se lleva a cabo sobre la base del art. 49, apdo. 1 lit. a GDPR. Si ha dado su consentimiento para el almacenamiento de cookies o el acceso a informaci\u00f3n en su dispositivo final (por ejemplo, a trav\u00e9s de la huella digital del dispositivo), el tratamiento de datos tambi\u00e9n se lleva a cabo sobre la base de la Secci\u00f3n 25 (1) TDDDG. El consentimiento puede revocarse en cualquier momento. Si sus datos son necesarios para el cumplimiento de un contrato o para la aplicaci\u00f3n de medidas precontractuales, procesamos sus datos sobre la base del Art. 6 p\u00e1rrafo 1 lit. b GDPR. Adem\u00e1s, procesamos sus datos si es necesario para cumplir una obligaci\u00f3n legal sobre la base del Art. 6 para. 1 lit. c GDPR. El tratamiento de datos tambi\u00e9n puede llevarse a cabo sobre la base de nuestro inter\u00e9s leg\u00edtimo, de conformidad con el art\u00edculo 6, apartado 1, letra f del RGPD. La informaci\u00f3n sobre las bases jur\u00eddicas pertinentes en cada caso individual se proporciona en los p\u00e1rrafos siguientes de esta pol\u00edtica de privacidad.<\/p><h3>Destinatarios de los datos personales<\/h3><p>En el marco de nuestras actividades empresariales, colaboramos con diversas organizaciones externas. En algunos casos, tambi\u00e9n es necesario transmitir datos personales a estas organizaciones externas. S\u00f3lo transmitimos datos personales a organismos externos si es necesario para el cumplimiento de un contrato, si estamos legalmente obligados a hacerlo (por ejemplo, transmisi\u00f3n de datos a las autoridades fiscales), si tenemos un inter\u00e9s leg\u00edtimo en la transmisi\u00f3n de conformidad con el art\u00edculo 6, apartado 1, letra f del GDPR o si otra base jur\u00eddica permite la transmisi\u00f3n de datos. Cuando utilizamos procesadores, s\u00f3lo transmitimos los datos personales de nuestros clientes sobre la base de un contrato v\u00e1lido para el procesamiento de pedidos. En caso de tratamiento conjunto, se celebra un acuerdo de tratamiento conjunto.<\/p><h3>Revocaci\u00f3n de su consentimiento para el tratamiento de datos<\/h3><p>Muchas operaciones de tratamiento de datos s\u00f3lo son posibles con su consentimiento expreso. Puede revocar su consentimiento en cualquier momento. La legalidad del tratamiento de datos efectuado hasta la revocaci\u00f3n no se ver\u00e1 afectada por \u00e9sta.<\/p><h3>Derecho a oponerse a la recogida de datos en casos especiales y a la mercadotecnia directa (Art. 21 GDPR)<\/h3><p>SI EL TRATAMIENTO DE DATOS SE BASA EN EL ART. 6 ABS. 1 LIT. E O F GDPR, TIENE DERECHO A OPONERSE EN CUALQUIER MOMENTO AL TRATAMIENTO DE SUS DATOS PERSONALES POR MOTIVOS RELACIONADOS CON SU SITUACI\u00d3N PARTICULAR; ESTO TAMBI\u00c9N SE APLICA A LA ELABORACI\u00d3N DE PERFILES BASADA EN ESTAS DISPOSICIONES. LA BASE JUR\u00cdDICA RESPECTIVA EN LA QUE SE BASA EL TRATAMIENTO PUEDE CONSULTARSE EN ESTA POL\u00cdTICA DE PRIVACIDAD. SI SE OPONE, DEJAREMOS DE TRATAR LOS DATOS PERSONALES EN CUESTI\u00d3N, A MENOS QUE PODAMOS DEMOSTRAR MOTIVOS LEG\u00cdTIMOS IMPERIOSOS PARA EL TRATAMIENTO QUE PREVALEZCAN SOBRE SUS INTERESES, DERECHOS Y LIBERTADES, O QUE EL TRATAMIENTO SIRVA PARA EL RECONOCIMIENTO, EJERCICIO O DEFENSA DE RECLAMACIONES LEGALES (OPOSICI\u00d3N CON ARREGLO AL ART. 21, APDO. 1 DEL GDPR).<\/p><p>SI SUS DATOS PERSONALES SE TRATAN CON FINES DE MERCADOTECNIA DIRECTA, TIENE DERECHO A OPONERSE EN CUALQUIER MOMENTO AL TRATAMIENTO DE LOS DATOS PERSONALES QUE LE CONCIERNEN CON FINES DE DICHA MERCADOTECNIA; ESTO TAMBI\u00c9N SE APLICA A LA ELABORACI\u00d3N DE PERFILES EN LA MEDIDA EN QUE EST\u00c9 RELACIONADA CON DICHA MERCADOTECNIA DIRECTA. SI SE OPONE, SUS DATOS PERSONALES DEJAR\u00c1N DE UTILIZARSE POSTERIORMENTE PARA FINES DE MERCADOTECNIA DIRECTA (OPOSICI\u00d3N DE CONFORMIDAD CON EL ART\u00cdCULO 21, APARTADO 2, DEL GDPR).<\/p><h3>Derecho a presentar una reclamaci\u00f3n ante la autoridad de control competente<\/h3><p>En caso de violaci\u00f3n del RGPD, los interesados tienen derecho a presentar una reclamaci\u00f3n ante una autoridad de control, en particular en el Estado miembro de su residencia habitual, lugar de trabajo o lugar de la presunta violaci\u00f3n. El derecho a presentar una reclamaci\u00f3n se entiende sin perjuicio de cualquier otro recurso administrativo o judicial.<\/p><h3>Derecho a la portabilidad de los datos<\/h3><p>Tiene derecho a que los datos que tratamos autom\u00e1ticamente sobre la base de su consentimiento o en cumplimiento de un contrato le sean entregados a usted o a un tercero en un formato de uso com\u00fan legible por m\u00e1quina. Si solicita la transferencia directa de los datos a otro responsable del tratamiento, s\u00f3lo se har\u00e1 en la medida en que sea t\u00e9cnicamente viable.<\/p><h3>Informaci\u00f3n, rectificaci\u00f3n y supresi\u00f3n<\/h3><p>En el marco de las disposiciones legales aplicables, usted tiene derecho en todo momento a la libre informaci\u00f3n sobre sus datos personales almacenados, su origen y destinatario y la finalidad del tratamiento de datos y, en caso necesario, derecho a la rectificaci\u00f3n o supresi\u00f3n de estos datos. Puede ponerse en contacto con nosotros en cualquier momento si tiene m\u00e1s preguntas sobre el tema de los datos personales.<\/p><h3>Derecho a la limitaci\u00f3n del tratamiento<\/h3><p>Tiene derecho a solicitar la limitaci\u00f3n del tratamiento de sus datos personales. Para ello, puede ponerse en contacto con nosotros en cualquier momento. El derecho a la limitaci\u00f3n del tratamiento existe en los siguientes casos:<\/p><ul><li>Si impugna la exactitud de sus datos personales almacenados por nosotros, por lo general necesitamos tiempo para comprobarlo. Mientras dure la revisi\u00f3n, tiene derecho a solicitar que se restrinja el tratamiento de sus datos personales.<\/li><li>Si el tratamiento de sus datos personales ha sido o es il\u00edcito, puede solicitar la limitaci\u00f3n del tratamiento de datos en lugar de su supresi\u00f3n.<\/li><li>Si ya no necesitamos sus datos personales, pero usted los necesita para el ejercicio, defensa o reclamaci\u00f3n de acciones legales, tiene derecho a solicitar la limitaci\u00f3n del tratamiento de sus datos personales en lugar de su supresi\u00f3n.<\/li><li>Si ha presentado una objeci\u00f3n de conformidad con el art\u00edculo 21, apartado 1, del RGPD, debe alcanzarse un equilibrio entre sus intereses y los nuestros. Mientras no se haya determinado qu\u00e9 intereses prevalecen, usted tiene derecho a solicitar la restricci\u00f3n del tratamiento de sus datos personales.<\/li><\/ul><p>Si ha restringido el tratamiento de sus datos personales, estos datos -aparte de su almacenamiento- s\u00f3lo podr\u00e1n tratarse con su consentimiento o para el reconocimiento, ejercicio o defensa de un derecho en un procedimiento judicial o para la protecci\u00f3n de los derechos de otra persona f\u00edsica o jur\u00eddica o por razones de inter\u00e9s p\u00fablico importantes de la Uni\u00f3n Europea o de un Estado miembro.<\/p><h3>Cifrado SSL o TLS<\/h3><p>Este sitio utiliza cifrado SSL o TLS por motivos de seguridad y para proteger la transmisi\u00f3n de contenidos confidenciales, como pedidos o consultas que nos env\u00ede como operador del sitio. Puede reconocer una conexi\u00f3n cifrada por el hecho de que la l\u00ednea de direcci\u00f3n del navegador cambia de \u201ehttp:\/\/\u201c a \u201ehttps:\/\/\u201c y por el s\u00edmbolo del candado en la l\u00ednea de su navegador.<\/p><p>Si el cifrado SSL o TLS est\u00e1 activado, los datos que nos transmita no podr\u00e1n ser le\u00eddos por terceros.<\/p><h2>4. plugins y herramientas<\/h2><h3>Google Fonts (alojamiento local)<\/h3><p>Este sitio utiliza las llamadas Google Fonts, proporcionadas por Google, para la visualizaci\u00f3n estandarizada de fuentes. Las fuentes de Google se instalan localmente. No hay conexi\u00f3n con los servidores de Google.<\/p><p>Encontrar\u00e1 m\u00e1s informaci\u00f3n sobre Google Fonts en <a href=\"https:\/\/developers.google.com\/fonts\/faq\" target=\"_blank\" rel=\"noopener noreferrer\">https:\/\/developers.google.com\/fonts\/faq<\/a> y en la pol\u00edtica de privacidad de Google: <a href=\"https:\/\/policies.google.com\/privacy?hl=de\" target=\"_blank\" rel=\"noopener noreferrer\">https:\/\/policies.google.com\/privacy?hl=de<\/a>.<\/p><h2>5. marketing en l\u00ednea y programas para socios<\/h2><h3>Programas de afiliaci\u00f3n en este sitio web<\/h3><p>Participamos en programas de socios afiliados. En los programas de socios afiliados, los anuncios de una empresa se colocan en sitios web u otros medios de otras empresas de la red de socios afiliados. Si hace clic en uno de estos anuncios de afiliaci\u00f3n, ser\u00e1 redirigido a la oferta anunciada. Si posteriormente realiza una determinada transacci\u00f3n (conversi\u00f3n), el afiliado y, en su caso, el propietario del medio en el que se haya colocado el anuncio, recibir\u00e1n una remuneraci\u00f3n por ello. Para calcular esta remuneraci\u00f3n, es necesario que el operador de la red de afiliaci\u00f3n pueda rastrear qu\u00e9 anuncio le llev\u00f3 a la oferta respectiva y qu\u00e9 transacci\u00f3n predefinida realiz\u00f3. Para ello se utilizan cookies o tecnolog\u00edas de reconocimiento comparables (por ejemplo, huellas dactilares de dispositivos).<\/p><p>Los datos se almacenan y analizan sobre la base del art\u00edculo 6, apartado 1, letra f) del GDPR. Los participantes en el programa de afiliaci\u00f3n tienen un inter\u00e9s leg\u00edtimo en el c\u00e1lculo correcto de la remuneraci\u00f3n de los afiliados. Si se ha solicitado el correspondiente consentimiento, el tratamiento se lleva a cabo exclusivamente sobre la base del art. 6, apdo. 1, letra a del RGPD y del art. 25, apdo. 1 de la TDDDG, en la medida en que el consentimiento incluya el almacenamiento de cookies o el acceso a informaci\u00f3n en el dispositivo final del usuario (por ejemplo, huella digital del dispositivo) en el sentido de la TDDDG. El consentimiento puede revocarse en cualquier momento.<\/p>\t\t\t\t\t\t\t\t<\/div>\n\t\t\t\t\t<\/div>\n\t\t\t\t<\/div>\n\t\t\t\t<\/div>","protected":false},"excerpt":{"rendered":"<p>Pol\u00edtica de privacidad 1. La protecci\u00f3n de datos de un vistazo Informaci\u00f3n general La siguiente informaci\u00f3n ofrece una visi\u00f3n sencilla de lo que ocurre con sus datos personales cuando visita este sitio web. Por datos personales se entiende cualquier dato que pueda utilizarse para identificarle personalmente. Encontrar\u00e1 informaci\u00f3n detallada sobre el tema de la protecci\u00f3n de datos en nuestra declaraci\u00f3n de protecci\u00f3n de datos que figura debajo de este texto. La recogida de datos en este [...]<\/p>","protected":false},"author":1,"featured_media":0,"parent":0,"menu_order":0,"comment_status":"closed","ping_status":"closed","template":"","meta":{"_acf_changed":false,"footnotes":""},"class_list":["post-2002","page","type-page","status-publish","hentry"],"acf":[],"_links":{"self":[{"href":"https:\/\/lastwar-tutorial.com\/es\/wp-json\/wp\/v2\/pages\/2002","targetHints":{"allow":["GET"]}}],"collection":[{"href":"https:\/\/lastwar-tutorial.com\/es\/wp-json\/wp\/v2\/pages"}],"about":[{"href":"https:\/\/lastwar-tutorial.com\/es\/wp-json\/wp\/v2\/types\/page"}],"author":[{"embeddable":true,"href":"https:\/\/lastwar-tutorial.com\/es\/wp-json\/wp\/v2\/users\/1"}],"replies":[{"embeddable":true,"href":"https:\/\/lastwar-tutorial.com\/es\/wp-json\/wp\/v2\/comments?post=2002"}],"version-history":[{"count":4,"href":"https:\/\/lastwar-tutorial.com\/es\/wp-json\/wp\/v2\/pages\/2002\/revisions"}],"predecessor-version":[{"id":2006,"href":"https:\/\/lastwar-tutorial.com\/es\/wp-json\/wp\/v2\/pages\/2002\/revisions\/2006"}],"wp:attachment":[{"href":"https:\/\/lastwar-tutorial.com\/es\/wp-json\/wp\/v2\/media?parent=2002"}],"curies":[{"name":"wp","href":"https:\/\/api.w.org\/{rel}","templated":true}]}}