{"id":1994,"date":"2025-11-10T14:55:50","date_gmt":"2025-11-10T13:55:50","guid":{"rendered":"https:\/\/lastwar-tutorial.com\/?page_id=1994"},"modified":"2025-11-10T14:59:21","modified_gmt":"2025-11-10T13:59:21","slug":"impressum","status":"publish","type":"page","link":"https:\/\/lastwar-tutorial.com\/fr\/impressum\/","title":{"rendered":"Mentions l\u00e9gales"},"content":{"rendered":"<div data-elementor-type=\"wp-page\" data-elementor-id=\"1994\" class=\"elementor elementor-1994\" data-elementor-post-type=\"page\">\n\t\t\t\t<div class=\"elementor-element elementor-element-3bc56a2 e-flex e-con-boxed e-con e-parent\" data-id=\"3bc56a2\" data-element_type=\"container\" data-e-type=\"container\">\n\t\t\t\t\t<div class=\"e-con-inner\">\n\t\t\t\t<div class=\"elementor-element elementor-element-aeee739 elementor-widget elementor-widget-heading\" data-id=\"aeee739\" data-element_type=\"widget\" data-e-type=\"widget\" data-widget_type=\"heading.default\">\n\t\t\t\t\t<h1 class=\"elementor-heading-title elementor-size-default\">Mentions l\u00e9gales<\/h1>\t\t\t\t<\/div>\n\t\t\t\t<div class=\"elementor-element elementor-element-766b1fc elementor-widget elementor-widget-text-editor\" data-id=\"766b1fc\" data-element_type=\"widget\" data-e-type=\"widget\" data-widget_type=\"text-editor.default\">\n\t\t\t\t\t\t\t\t\t<p><strong>lastwar-tutorial est un projet de :<\/strong><br \/>Telfonio GmbH &amp; Co. KG<br \/>Chausseestrasse, 59C<br \/>10115 Berlin<\/p><p><strong>Repr\u00e9sent\u00e9 par :<\/strong><br \/>Scheckenbach Verwaltung GmbH<br \/>Chausseestr. 59C<br \/>10115 Berlin<\/p><p>Celle-ci est repr\u00e9sent\u00e9e par :<br \/>Thomas Scheckenbach<\/p><p>Registre du commerce : HRB 133598B<br \/>Cour de registre : Tribunal d'instance de Charlottenburg<\/p><h2>Contact<\/h2><p>T\u00e9l\u00e9phone : 0938 \/ 15 24 022-0<br \/>Courrier \u00e9lectronique : scheckenbach@mobilfunk-talk.de<\/p><h2>Num\u00e9ro d'identification de la taxe sur le chiffre d'affaires<\/h2><p>Num\u00e9ro d'identification de la taxe sur le chiffre d'affaires conform\u00e9ment au \u00a7 27 a de la loi sur la taxe sur le chiffre d'affaires :<br \/>FR 277446350<\/p><h2>Responsable de la r\u00e9daction<\/h2><p>Thomas Scheckenbach<\/p><h2>Mise en \u0153uvre :<\/h2><p><a href=\"https:\/\/thecase.digital\" target=\"_blank\" rel=\"noopener\">theCASE.digital<\/a><\/p>\t\t\t\t\t\t\t\t<\/div>\n\t\t\t\t\t<\/div>\n\t\t\t\t<\/div>\n\t\t\t\t<\/div>","protected":false},"excerpt":{"rendered":"<p>Mentions l\u00e9gales lastwar-tutorial est un projet de:Telfonio GmbH &amp; Co. KGChausseestra\u00dfe, 59C10115 Berlin Repr\u00e9sent\u00e9 par:Scheckenbach Verwaltung GmbHChausseestr. 59C10115 Berlin Repr\u00e9sent\u00e9 par:Thomas Scheckenbach Registre du commerce : HRB 133598BRegistre : Tribunal d'instance de Charlottenburg Contact T\u00e9l\u00e9phone : 0938 \/ 15 24 022-0E-mail : scheckenbach@mobilfunk-talk.de Num\u00e9ro de TVA intracommunautaire conform\u00e9ment au \u00a7 27 a de la loi sur la TVA:DE 277446350 Responsable de la r\u00e9daction Thomas Scheckenbach R\u00e9alisation : theCASE.digital<\/p>","protected":false},"author":1,"featured_media":0,"parent":0,"menu_order":0,"comment_status":"closed","ping_status":"closed","template":"","meta":{"_acf_changed":false,"footnotes":""},"class_list":["post-1994","page","type-page","status-publish","hentry"],"acf":[],"_links":{"self":[{"href":"https:\/\/lastwar-tutorial.com\/fr\/wp-json\/wp\/v2\/pages\/1994","targetHints":{"allow":["GET"]}}],"collection":[{"href":"https:\/\/lastwar-tutorial.com\/fr\/wp-json\/wp\/v2\/pages"}],"about":[{"href":"https:\/\/lastwar-tutorial.com\/fr\/wp-json\/wp\/v2\/types\/page"}],"author":[{"embeddable":true,"href":"https:\/\/lastwar-tutorial.com\/fr\/wp-json\/wp\/v2\/users\/1"}],"replies":[{"embeddable":true,"href":"https:\/\/lastwar-tutorial.com\/fr\/wp-json\/wp\/v2\/comments?post=1994"}],"version-history":[{"count":4,"href":"https:\/\/lastwar-tutorial.com\/fr\/wp-json\/wp\/v2\/pages\/1994\/revisions"}],"predecessor-version":[{"id":2001,"href":"https:\/\/lastwar-tutorial.com\/fr\/wp-json\/wp\/v2\/pages\/1994\/revisions\/2001"}],"wp:attachment":[{"href":"https:\/\/lastwar-tutorial.com\/fr\/wp-json\/wp\/v2\/media?parent=1994"}],"curies":[{"name":"wp","href":"https:\/\/api.w.org\/{rel}","templated":true}]}}