{"id":2002,"date":"2025-11-10T14:59:43","date_gmt":"2025-11-10T13:59:43","guid":{"rendered":"https:\/\/lastwar-tutorial.com\/?page_id=2002"},"modified":"2025-11-10T15:00:43","modified_gmt":"2025-11-10T14:00:43","slug":"datenschutz","status":"publish","type":"page","link":"https:\/\/lastwar-tutorial.com\/pl\/datenschutz\/","title":{"rendered":"Ochrona danych"},"content":{"rendered":"<div data-elementor-type=\"wp-page\" data-elementor-id=\"2002\" class=\"elementor elementor-2002\" data-elementor-post-type=\"page\">\n\t\t\t\t<div class=\"elementor-element elementor-element-2e31d5f e-flex e-con-boxed e-con e-parent\" data-id=\"2e31d5f\" data-element_type=\"container\" data-e-type=\"container\">\n\t\t\t\t\t<div class=\"e-con-inner\">\n\t\t\t\t<div class=\"elementor-element elementor-element-968b4fe elementor-widget elementor-widget-heading\" data-id=\"968b4fe\" data-element_type=\"widget\" data-e-type=\"widget\" data-widget_type=\"heading.default\">\n\t\t\t\t\t<h1 class=\"elementor-heading-title elementor-size-default\">Polityka prywatno\u015bci<\/h1>\t\t\t\t<\/div>\n\t\t\t\t<div class=\"elementor-element elementor-element-ec3284a elementor-widget elementor-widget-text-editor\" data-id=\"ec3284a\" data-element_type=\"widget\" data-e-type=\"widget\" data-widget_type=\"text-editor.default\">\n\t\t\t\t\t\t\t\t\t<h2>1. ochrona danych w skr\u00f3cie<\/h2><h3>Informacje og\u00f3lne<\/h3><p>Poni\u017csze informacje stanowi\u0105 prosty przegl\u0105d tego, co dzieje si\u0119 z danymi osobowymi u\u017cytkownika podczas odwiedzania tej witryny. Dane osobowe to wszelkie dane, kt\u00f3re mo\u017cna wykorzysta\u0107 do osobistej identyfikacji u\u017cytkownika. Szczeg\u00f3\u0142owe informacje na temat ochrony danych mo\u017cna znale\u017a\u0107 w naszym o\u015bwiadczeniu o ochronie danych, kt\u00f3re znajduje si\u0119 poni\u017cej tego tekstu.<\/p><h3>Gromadzenie danych na tej stronie internetowej<\/h3><h4>Kto jest odpowiedzialny za gromadzenie danych na tej stronie?<\/h4><p>Przetwarzanie danych na tej stronie internetowej jest przeprowadzane przez operatora strony. Dane kontaktowe operatora mo\u017cna znale\u017a\u0107 w sekcji \u201eInformacje o administratorze\u201c niniejszej polityki prywatno\u015bci.<\/p><h4>W jaki spos\u00f3b gromadzimy dane u\u017cytkownik\u00f3w?<\/h4><p>Z jednej strony dane u\u017cytkownika s\u0105 gromadzone, gdy u\u017cytkownik nam je przekazuje. Mog\u0105 to by\u0107 na przyk\u0142ad dane wprowadzone w formularzu kontaktowym.<\/p><p>Inne dane s\u0105 gromadzone automatycznie lub za zgod\u0105 u\u017cytkownika przez nasze systemy informatyczne podczas odwiedzania strony internetowej. S\u0105 to przede wszystkim dane techniczne (np. przegl\u0105darka internetowa, system operacyjny lub czas wy\u015bwietlania strony). Dane te s\u0105 gromadzone automatycznie po wej\u015bciu na stron\u0119 internetow\u0105.<\/p><h4>Do czego wykorzystujemy dane u\u017cytkownik\u00f3w?<\/h4><p>Niekt\u00f3re dane s\u0105 gromadzone w celu zapewnienia bezb\u0142\u0119dnego dzia\u0142ania strony internetowej. Inne dane mog\u0105 by\u0107 wykorzystywane do analizy zachowania u\u017cytkownika. Je\u015bli umowy mog\u0105 by\u0107 zawierane lub inicjowane za po\u015brednictwem strony internetowej, przes\u0142ane dane b\u0119d\u0105 r\u00f3wnie\u017c przetwarzane w celu sk\u0142adania ofert, zam\u00f3wie\u0144 lub innych zapyta\u0144 dotycz\u0105cych zam\u00f3wie\u0144.<\/p><h4>Jakie prawa przys\u0142uguj\u0105 u\u017cytkownikowi w odniesieniu do jego danych?<\/h4><p>U\u017cytkownik ma prawo do bezp\u0142atnego otrzymania w dowolnym momencie informacji o pochodzeniu, odbiorcy i celu przechowywanych danych osobowych. U\u017cytkownik ma r\u00f3wnie\u017c prawo za\u017c\u0105da\u0107 poprawienia lub usuni\u0119cia tych danych. Je\u015bli u\u017cytkownik wyrazi\u0142 zgod\u0119 na przetwarzanie danych, mo\u017ce j\u0105 w ka\u017cdej chwili odwo\u0142a\u0107 na przysz\u0142o\u015b\u0107. U\u017cytkownik ma r\u00f3wnie\u017c prawo za\u017c\u0105da\u0107 ograniczenia przetwarzania swoich danych osobowych w okre\u015blonych okoliczno\u015bciach. Ponadto u\u017cytkownik ma prawo do z\u0142o\u017cenia skargi do w\u0142a\u015bciwego organu nadzorczego.<\/p><p>U\u017cytkownik mo\u017ce skontaktowa\u0107 si\u0119 z nami w dowolnym momencie, je\u015bli ma dodatkowe pytania dotycz\u0105ce ochrony danych.<\/p><h2>2. hosting<\/h2><p>Tre\u015b\u0107 naszej strony internetowej jest hostowana przez nast\u0119puj\u0105cego dostawc\u0119:<\/p><h3>Mittwald<\/h3><p>Dostawc\u0105 jest Mittwald CM Service GmbH &amp; Co. KG, K\u00f6nigsberger Stra\u00dfe 4-6, 32339 Espelkamp (zwana dalej Mittwald).<\/p><p>Szczeg\u00f3\u0142y mo\u017cna znale\u017a\u0107 w polityce prywatno\u015bci Mittwald: <a href=\"https:\/\/www.mittwald.de\/datenschutz\" target=\"_blank\" rel=\"noopener noreferrer\">https:\/\/www.mittwald.de\/datenschutz<\/a>.<\/p><p>Korzystanie z Mittwald opiera si\u0119 na art. 6 ust. 1 lit. f RODO. Mamy uzasadniony interes w jak najbardziej niezawodnym wy\u015bwietlaniu naszej strony internetowej. Je\u015bli za\u017c\u0105dano odpowiedniej zgody, przetwarzanie odbywa si\u0119 wy\u0142\u0105cznie na podstawie art. 6 ust. 1 lit. a RODO i \u00a7 25 ust. 1 RODO, o ile zgoda obejmuje przechowywanie plik\u00f3w cookie lub dost\u0119p do informacji w urz\u0105dzeniu ko\u0144cowym u\u017cytkownika (np. odcisk palca urz\u0105dzenia) w rozumieniu RODO. Zgoda mo\u017ce zosta\u0107 cofni\u0119ta w dowolnym momencie.<\/p><h4>Przetwarzanie zam\u00f3wie\u0144<\/h4><p>Zawarli\u015bmy umow\u0119 o przetwarzaniu danych (RODO) w celu korzystania z wy\u017cej wymienionej us\u0142ugi. Jest to umowa okre\u015blona przez prawo o ochronie danych, kt\u00f3ra gwarantuje, \u017ce przetwarza dane osobowe os\u00f3b odwiedzaj\u0105cych nasz\u0105 stron\u0119 internetow\u0105 wy\u0142\u0105cznie zgodnie z naszymi instrukcjami i zgodnie z RODO.<\/p><h2>3 Uwagi og\u00f3lne i informacje obowi\u0105zkowe<\/h2><h3>Ochrona danych<\/h3><p>Operatorzy tych stron bardzo powa\u017cnie traktuj\u0105 ochron\u0119 danych osobowych u\u017cytkownik\u00f3w. Dane osobowe u\u017cytkownik\u00f3w traktujemy poufnie i zgodnie z ustawowymi przepisami o ochronie danych oraz niniejsz\u0105 polityk\u0105 prywatno\u015bci.<\/p><p>Podczas korzystania z tej witryny gromadzone s\u0105 r\u00f3\u017cne dane osobowe. Dane osobowe to dane, kt\u00f3re mo\u017cna wykorzysta\u0107 do osobistej identyfikacji u\u017cytkownika. Niniejsza polityka prywatno\u015bci wyja\u015bnia, jakie dane gromadzimy i do czego je wykorzystujemy. Wyja\u015bnia r\u00f3wnie\u017c, w jaki spos\u00f3b i w jakim celu jest to robione.<\/p><p>Zwracamy uwag\u0119, \u017ce transmisja danych przez Internet (np. podczas komunikacji za po\u015brednictwem poczty elektronicznej) mo\u017ce podlega\u0107 lukom w zabezpieczeniach. Pe\u0142na ochrona danych przed dost\u0119pem os\u00f3b trzecich nie jest mo\u017cliwa.<\/p><h3>Uwaga dotycz\u0105ca podmiotu odpowiedzialnego<\/h3><p>Administratorem odpowiedzialnym za przetwarzanie danych na tej stronie jest<\/p><p>Telfonio GmbH &amp; Co. KG<br \/>Chausseestra\u00dfe, 59C<br \/>10115 Berlin<\/p><p>Telefon: 0938 \/ 15 24 022-0<br \/>E-mail: scheckenbach@mobilfunk-talk.de<\/p><p>Administrator danych to osoba fizyczna lub prawna, kt\u00f3ra samodzielnie lub wsp\u00f3lnie z innymi okre\u015bla cele i sposoby przetwarzania danych osobowych (np. imion i nazwisk, adres\u00f3w e-mail itp.).<\/p><h3>Czas przechowywania<\/h3><p>O ile w niniejszej polityce prywatno\u015bci nie okre\u015blono bardziej szczeg\u00f3\u0142owego okresu przechowywania, dane osobowe u\u017cytkownika pozostan\u0105 u nas do momentu ustania celu przetwarzania danych. Je\u015bli u\u017cytkownik z\u0142o\u017cy uzasadniony wniosek o usuni\u0119cie danych lub cofnie zgod\u0119 na ich przetwarzanie, jego dane zostan\u0105 usuni\u0119te, chyba \u017ce b\u0119dziemy mie\u0107 inne prawnie dopuszczalne powody przechowywania jego danych osobowych (np. okresy przechowywania zgodnie z prawem podatkowym lub handlowym); w tym ostatnim przypadku usuni\u0119cie nast\u0105pi po ustaniu tych powod\u00f3w.<\/p><h3>Og\u00f3lne informacje na temat podstawy prawnej przetwarzania danych na tej stronie internetowej<\/h3><p>Je\u015bli u\u017cytkownik wyrazi\u0142 zgod\u0119 na przetwarzanie danych, przetwarzamy jego dane osobowe na podstawie art. 6 ust. 1 lit. a RODO lub art. 9 ust. 2 lit. a RODO, o ile szczeg\u00f3lne kategorie danych s\u0105 przetwarzane zgodnie z art. 9 ust. 1 RODO. W przypadku wyra\u017anej zgody na przekazywanie danych osobowych do pa\u0144stw trzecich przetwarzanie danych odbywa si\u0119 r\u00f3wnie\u017c na podstawie art. 49 ust. 1 lit. a RODO. Je\u015bli u\u017cytkownik wyrazi\u0142 zgod\u0119 na przechowywanie plik\u00f3w cookie lub dost\u0119p do informacji na swoim urz\u0105dzeniu ko\u0144cowym (np. za po\u015brednictwem odcisk\u00f3w palc\u00f3w urz\u0105dzenia), przetwarzanie danych odbywa si\u0119 r\u00f3wnie\u017c na podstawie art. 25 ust. 1 RODO. Zgoda mo\u017ce zosta\u0107 cofni\u0119ta w dowolnym momencie. Je\u015bli dane u\u017cytkownika s\u0105 wymagane do realizacji umowy lub wdro\u017cenia \u015brodk\u00f3w przedumownych, przetwarzamy je na podstawie art. 6 ust. 1 lit. b RODO. Ponadto przetwarzamy dane u\u017cytkownika, je\u015bli jest to konieczne do wype\u0142nienia obowi\u0105zku prawnego na podstawie art. 6 ust. 1 lit. c RODO. Przetwarzanie danych mo\u017ce r\u00f3wnie\u017c odbywa\u0107 si\u0119 na podstawie naszego uzasadnionego interesu zgodnie z art. 6 ust. 1 lit. f RODO. Informacje na temat odpowiednich podstaw prawnych w ka\u017cdym indywidualnym przypadku znajduj\u0105 si\u0119 w kolejnych punktach niniejszej polityki prywatno\u015bci.<\/p><h3>Odbiorcy danych osobowych<\/h3><p>W ramach naszej dzia\u0142alno\u015bci biznesowej wsp\u00f3\u0142pracujemy z r\u00f3\u017cnymi organizacjami zewn\u0119trznymi. W niekt\u00f3rych przypadkach konieczne jest r\u00f3wnie\u017c przekazanie danych osobowych tym organizacjom zewn\u0119trznym. Przekazujemy dane osobowe organom zewn\u0119trznym tylko wtedy, gdy jest to konieczne do wykonania umowy, gdy jeste\u015bmy do tego prawnie zobowi\u0105zani (np. przekazanie danych organom podatkowym), gdy mamy uzasadniony interes w przekazaniu danych zgodnie z art. 6 ust. 1 lit. f RODO lub gdy inna podstawa prawna zezwala na przekazanie danych. Korzystaj\u0105c z us\u0142ug podmiot\u00f3w przetwarzaj\u0105cych, przekazujemy dane osobowe naszych klient\u00f3w wy\u0142\u0105cznie na podstawie wa\u017cnej umowy o przetwarzanie zam\u00f3wienia. W przypadku wsp\u00f3lnego przetwarzania danych zawierana jest umowa o wsp\u00f3lnym przetwarzaniu danych.<\/p><h3>Cofni\u0119cie zgody na przetwarzanie danych<\/h3><p>Wiele operacji przetwarzania danych jest mo\u017cliwych wy\u0142\u0105cznie za wyra\u017an\u0105 zgod\u0105 u\u017cytkownika. U\u017cytkownik mo\u017ce wycofa\u0107 swoj\u0105 zgod\u0119 w dowolnym momencie. Wycofanie zgody nie ma wp\u0142ywu na zgodno\u015b\u0107 z prawem przetwarzania danych prowadzonego do momentu wycofania zgody.<\/p><h3>Prawo do sprzeciwu wobec gromadzenia danych w szczeg\u00f3lnych przypadkach i marketingu bezpo\u015bredniego (art. 21 RODO)<\/h3><p>JE\u017bELI PRZETWARZANIE DANYCH ODBYWA SI\u0118 NA PODSTAWIE ART. 6 ABS. 1 LIT. E LUB F RODO, U\u017bYTKOWNIK MA PRAWO W DOWOLNYM MOMENCIE WNIE\u015a\u0106 SPRZECIW WOBEC PRZETWARZANIA JEGO DANYCH OSOBOWYCH Z PRZYCZYN ZWI\u0104ZANYCH Z JEGO SZCZEG\u00d3LN\u0104 SYTUACJ\u0104; DOTYCZY TO R\u00d3WNIE\u017b PROFILOWANIA OPARTEGO NA TYCH PRZEPISACH. ODPOWIEDNI\u0104 PODSTAW\u0118 PRAWN\u0104, NA KT\u00d3REJ OPIERA SI\u0118 PRZETWARZANIE, MO\u017bNA ZNALE\u0179\u0106 W NINIEJSZEJ POLITYCE PRYWATNO\u015aCI. W PRZYPADKU WNIESIENIA SPRZECIWU NIE B\u0118DZIEMY JU\u017b PRZETWARZA\u0106 DANYCH OSOBOWYCH U\u017bYTKOWNIKA, CHYBA \u017bE B\u0118DZIEMY W STANIE WYKAZA\u0106 ISTNIENIE WA\u017bNYCH PRAWNIE UZASADNIONYCH PODSTAW DO PRZETWARZANIA, NADRZ\u0118DNYCH WOBEC INTERES\u00d3W, PRAW I WOLNO\u015aCI U\u017bYTKOWNIKA, LUB PRZETWARZANIE B\u0118DZIE S\u0141U\u017bY\u0106 USTALENIU, DOCHODZENIU LUB OBRONIE ROSZCZE\u0143 PRAWNYCH (SPRZECIW NA PODSTAWIE ART. 21 UST. 1 RODO).<\/p><p>JE\u015aLI DANE OSOBOWE U\u017bYTKOWNIKA S\u0104 PRZETWARZANE DO CEL\u00d3W MARKETINGU BEZPO\u015aREDNIEGO, U\u017bYTKOWNIK MA PRAWO W DOWOLNYM MOMENCIE WNIE\u015a\u0106 SPRZECIW WOBEC PRZETWARZANIA DOTYCZ\u0104CYCH GO DANYCH OSOBOWYCH DO CEL\u00d3W TAKIEGO MARKETINGU; DOTYCZY TO R\u00d3WNIE\u017b PROFILOWANIA, O ILE JEST ONO ZWI\u0104ZANE Z TAKIM MARKETINGIEM BEZPO\u015aREDNIM. W PRZYPADKU WNIESIENIA SPRZECIWU DANE OSOBOWE U\u017bYTKOWNIKA NIE B\u0118D\u0104 JU\u017b WYKORZYSTYWANE DO CEL\u00d3W MARKETINGU BEZPO\u015aREDNIEGO (SPRZECIW ZGODNIE Z ART. 21 UST. 2 RODO).<\/p><h3>Prawo do z\u0142o\u017cenia skargi do w\u0142a\u015bciwego organu nadzorczego<\/h3><p>W przypadku naruszenia RODO osoby, kt\u00f3rych dane dotycz\u0105, maj\u0105 prawo wnie\u015b\u0107 skarg\u0119 do organu nadzorczego, w szczeg\u00f3lno\u015bci w pa\u0144stwie cz\u0142onkowskim swojego zwyk\u0142ego pobytu, swojego miejsca pracy lub miejsca pope\u0142nienia domniemanego naruszenia. Prawo do z\u0142o\u017cenia skargi pozostaje bez uszczerbku dla wszelkich innych administracyjnych lub s\u0105dowych \u015brodk\u00f3w odwo\u0142awczych.<\/p><h3>Prawo do przenoszenia danych<\/h3><p>U\u017cytkownik ma prawo do tego, aby dane, kt\u00f3re przetwarzamy automatycznie na podstawie jego zgody lub w ramach realizacji umowy, zosta\u0142y przekazane u\u017cytkownikowi lub stronie trzeciej w powszechnie u\u017cywanym formacie nadaj\u0105cym si\u0119 do odczytu maszynowego. Je\u015bli u\u017cytkownik za\u017c\u0105da bezpo\u015bredniego przekazania danych innemu administratorowi, zostanie to wykonane tylko w zakresie, w jakim jest to technicznie wykonalne.<\/p><h3>Informacje, poprawianie i usuwanie<\/h3><p>W ramach obowi\u0105zuj\u0105cych przepis\u00f3w prawnych u\u017cytkownik ma w ka\u017cdej chwili prawo do bezp\u0142atnej informacji o przechowywanych danych osobowych, ich pochodzeniu i odbiorcy oraz celu przetwarzania danych, a tak\u017ce, w razie potrzeby, prawo do sprostowania lub usuni\u0119cia tych danych. U\u017cytkownik mo\u017ce w ka\u017cdej chwili skontaktowa\u0107 si\u0119 z nami, je\u015bli ma dodatkowe pytania dotycz\u0105ce danych osobowych.<\/p><h3>Prawo do ograniczenia przetwarzania<\/h3><p>U\u017cytkownik ma prawo za\u017c\u0105da\u0107 ograniczenia przetwarzania jego danych osobowych. W tym celu mo\u017cna skontaktowa\u0107 si\u0119 z nami w dowolnym momencie. Prawo do ograniczenia przetwarzania istnieje w nast\u0119puj\u0105cych przypadkach:<\/p><ul><li>Je\u015bli u\u017cytkownik kwestionuje prawid\u0142owo\u015b\u0107 przechowywanych przez nas jego danych osobowych, zazwyczaj potrzebujemy czasu, aby to sprawdzi\u0107. Na czas trwania weryfikacji u\u017cytkownik ma prawo za\u017c\u0105da\u0107 ograniczenia przetwarzania jego danych osobowych.<\/li><li>Je\u015bli przetwarzanie danych osobowych u\u017cytkownika by\u0142o\/jest niezgodne z prawem, u\u017cytkownik mo\u017ce za\u017c\u0105da\u0107 ograniczenia przetwarzania danych zamiast ich usuni\u0119cia.<\/li><li>Je\u015bli nie potrzebujemy ju\u017c danych osobowych u\u017cytkownika, ale s\u0105 one potrzebne do wykonania, obrony lub dochodzenia roszcze\u0144 prawnych, u\u017cytkownik ma prawo za\u017c\u0105da\u0107 ograniczenia przetwarzania swoich danych osobowych zamiast ich usuni\u0119cia.<\/li><li>W przypadku wniesienia sprzeciwu zgodnie z art. 21 (1) RODO nale\u017cy zachowa\u0107 r\u00f3wnowag\u0119 mi\u0119dzy interesami u\u017cytkownika a naszymi. Dop\u00f3ki nie zostanie ustalone, czyje interesy przewa\u017caj\u0105, u\u017cytkownik ma prawo za\u017c\u0105da\u0107 ograniczenia przetwarzania jego danych osobowych.<\/li><\/ul><p>Je\u015bli u\u017cytkownik ograniczy\u0142 przetwarzanie swoich danych osobowych, dane te - poza ich przechowywaniem - mog\u0105 by\u0107 przetwarzane wy\u0142\u0105cznie za jego zgod\u0105 lub w celu ustalenia, dochodzenia lub obrony roszcze\u0144, lub w celu ochrony praw innej osoby fizycznej lub prawnej, lub z uwagi na wa\u017cny interes publiczny Unii Europejskiej lub pa\u0144stwa cz\u0142onkowskiego.<\/p><h3>Szyfrowanie SSL lub TLS<\/h3><p>Ta witryna wykorzystuje szyfrowanie SSL lub TLS ze wzgl\u0119d\u00f3w bezpiecze\u0144stwa i w celu ochrony transmisji poufnych tre\u015bci, takich jak zam\u00f3wienia lub zapytania wysy\u0142ane do nas jako operatora witryny. Po\u0142\u0105czenie szyfrowane mo\u017cna rozpozna\u0107 po tym, \u017ce wiersz adresu przegl\u0105darki zmienia si\u0119 z \u201ehttp:\/\/\u201c na \u201ehttps:\/\/\u201c oraz po symbolu k\u0142\u00f3dki w wierszu przegl\u0105darki.<\/p><p>Je\u015bli szyfrowanie SSL lub TLS jest w\u0142\u0105czone, dane przesy\u0142ane do nas nie mog\u0105 by\u0107 odczytane przez osoby trzecie.<\/p><h2>4. wtyczki i narz\u0119dzia<\/h2><h3>Czcionki Google (lokalny hosting)<\/h3><p>Ta strona korzysta z tak zwanych czcionek Google Fonts, kt\u00f3re s\u0105 dostarczane przez Google w celu znormalizowanego wy\u015bwietlania czcionek. Czcionki Google s\u0105 instalowane lokalnie. Nie ma po\u0142\u0105czenia z serwerami Google.<\/p><p>Wi\u0119cej informacji na temat Google Fonts mo\u017cna znale\u017a\u0107 na stronie <a href=\"https:\/\/developers.google.com\/fonts\/faq\" target=\"_blank\" rel=\"noopener noreferrer\">https:\/\/developers.google.com\/fonts\/faq<\/a> oraz w polityce prywatno\u015bci Google: <a href=\"https:\/\/policies.google.com\/privacy?hl=de\" target=\"_blank\" rel=\"noopener noreferrer\">https:\/\/policies.google.com\/privacy?hl=de<\/a>.<\/p><h2>5. marketing internetowy i programy partnerskie<\/h2><h3>Programy partnerskie na tej stronie<\/h3><p>Uczestniczymy w partnerskich programach afiliacyjnych. W partnerskich programach afiliacyjnych reklamy firmy s\u0105 umieszczane na stronach internetowych lub w innych mediach innych firm nale\u017c\u0105cych do partnerskiej sieci afiliacyjnej. Je\u015bli u\u017cytkownik kliknie jedn\u0105 z tych reklam partnerskich, zostanie przekierowany do reklamowanej oferty. Je\u015bli u\u017cytkownik dokona nast\u0119pnie okre\u015blonej transakcji (konwersji), partner i, w stosownych przypadkach, w\u0142a\u015bciciel medium, na kt\u00f3rym reklama zosta\u0142a umieszczona, otrzyma za to op\u0142at\u0119. Aby obliczy\u0107 to wynagrodzenie, operator sieci afiliacyjnej musi by\u0107 w stanie prze\u015bledzi\u0107, kt\u00f3ra reklama doprowadzi\u0142a u\u017cytkownika do odpowiedniej oferty i jak\u0105 predefiniowan\u0105 transakcj\u0119 przeprowadzi\u0142. W tym celu wykorzystywane s\u0105 pliki cookie lub por\u00f3wnywalne technologie rozpoznawania (np. odcisk palca urz\u0105dzenia).<\/p><p>Dane s\u0105 przechowywane i analizowane na podstawie art. 6 ust. 1 lit. f RODO. Uczestnicy programu partnerskiego maj\u0105 uzasadniony interes w prawid\u0142owym obliczaniu wynagrodzenia partnerskiego. Je\u015bli za\u017c\u0105dano odpowiedniej zgody, przetwarzanie odbywa si\u0119 wy\u0142\u0105cznie na podstawie art. 6 ust. 1 lit. a RODO i \u00a7 25 ust. 1 RODO, o ile zgoda obejmuje przechowywanie plik\u00f3w cookie lub dost\u0119p do informacji w urz\u0105dzeniu ko\u0144cowym u\u017cytkownika (np. odciski palc\u00f3w urz\u0105dzenia) w rozumieniu RODO. Zgoda mo\u017ce zosta\u0107 cofni\u0119ta w dowolnym momencie.<\/p>\t\t\t\t\t\t\t\t<\/div>\n\t\t\t\t\t<\/div>\n\t\t\t\t<\/div>\n\t\t\t\t<\/div>","protected":false},"excerpt":{"rendered":"<p>Polityka prywatno\u015bci 1. Ochrona danych w skr\u00f3cie Informacje og\u00f3lne Poni\u017csze informacje stanowi\u0105 prosty przegl\u0105d tego, co dzieje si\u0119 z danymi osobowymi u\u017cytkownika podczas odwiedzania tej witryny. Dane osobowe to wszelkie dane, kt\u00f3re mo\u017cna wykorzysta\u0107 do osobistej identyfikacji u\u017cytkownika. Szczeg\u00f3\u0142owe informacje na temat ochrony danych mo\u017cna znale\u017a\u0107 w naszym o\u015bwiadczeniu o ochronie danych wymienionym poni\u017cej tego tekstu. Gromadzenie danych na tej [...]<\/p>","protected":false},"author":1,"featured_media":0,"parent":0,"menu_order":0,"comment_status":"closed","ping_status":"closed","template":"","meta":{"_acf_changed":false,"footnotes":""},"class_list":["post-2002","page","type-page","status-publish","hentry"],"acf":[],"_links":{"self":[{"href":"https:\/\/lastwar-tutorial.com\/pl\/wp-json\/wp\/v2\/pages\/2002","targetHints":{"allow":["GET"]}}],"collection":[{"href":"https:\/\/lastwar-tutorial.com\/pl\/wp-json\/wp\/v2\/pages"}],"about":[{"href":"https:\/\/lastwar-tutorial.com\/pl\/wp-json\/wp\/v2\/types\/page"}],"author":[{"embeddable":true,"href":"https:\/\/lastwar-tutorial.com\/pl\/wp-json\/wp\/v2\/users\/1"}],"replies":[{"embeddable":true,"href":"https:\/\/lastwar-tutorial.com\/pl\/wp-json\/wp\/v2\/comments?post=2002"}],"version-history":[{"count":4,"href":"https:\/\/lastwar-tutorial.com\/pl\/wp-json\/wp\/v2\/pages\/2002\/revisions"}],"predecessor-version":[{"id":2006,"href":"https:\/\/lastwar-tutorial.com\/pl\/wp-json\/wp\/v2\/pages\/2002\/revisions\/2006"}],"wp:attachment":[{"href":"https:\/\/lastwar-tutorial.com\/pl\/wp-json\/wp\/v2\/media?parent=2002"}],"curies":[{"name":"wp","href":"https:\/\/api.w.org\/{rel}","templated":true}]}}