{"id":2002,"date":"2025-11-10T14:59:43","date_gmt":"2025-11-10T13:59:43","guid":{"rendered":"https:\/\/lastwar-tutorial.com\/?page_id=2002"},"modified":"2025-11-10T15:00:43","modified_gmt":"2025-11-10T14:00:43","slug":"datenschutz","status":"publish","type":"page","link":"https:\/\/lastwar-tutorial.com\/pt\/datenschutz\/","title":{"rendered":"Prote\u00e7\u00e3o de dados"},"content":{"rendered":"<div data-elementor-type=\"wp-page\" data-elementor-id=\"2002\" class=\"elementor elementor-2002\" data-elementor-post-type=\"page\">\n\t\t\t\t<div class=\"elementor-element elementor-element-2e31d5f e-flex e-con-boxed e-con e-parent\" data-id=\"2e31d5f\" data-element_type=\"container\" data-e-type=\"container\">\n\t\t\t\t\t<div class=\"e-con-inner\">\n\t\t\t\t<div class=\"elementor-element elementor-element-968b4fe elementor-widget elementor-widget-heading\" data-id=\"968b4fe\" data-element_type=\"widget\" data-e-type=\"widget\" data-widget_type=\"heading.default\">\n\t\t\t\t\t<h1 class=\"elementor-heading-title elementor-size-default\">Pol\u00edtica de privacidade<\/h1>\t\t\t\t<\/div>\n\t\t\t\t<div class=\"elementor-element elementor-element-ec3284a elementor-widget elementor-widget-text-editor\" data-id=\"ec3284a\" data-element_type=\"widget\" data-e-type=\"widget\" data-widget_type=\"text-editor.default\">\n\t\t\t\t\t\t\t\t\t<h2>1. Vis\u00e3o geral da prote\u00e7\u00e3o de dados<\/h2><h3>Informa\u00e7\u00f5es gerais<\/h3><p>As informa\u00e7\u00f5es a seguir fornecem uma vis\u00e3o geral simples do que acontece com seus dados pessoais quando voc\u00ea visita este site. Dados pessoais s\u00e3o quaisquer dados que possam ser usados para identific\u00e1-lo pessoalmente. Informa\u00e7\u00f5es detalhadas sobre o assunto de prote\u00e7\u00e3o de dados podem ser encontradas em nossa declara\u00e7\u00e3o de prote\u00e7\u00e3o de dados listada abaixo deste texto.<\/p><h3>Coleta de dados neste site<\/h3><h4>Quem \u00e9 respons\u00e1vel pela coleta de dados neste site?<\/h4><p>O processamento de dados neste site \u00e9 realizado pelo operador do site. Os detalhes de contato do operador podem ser encontrados na se\u00e7\u00e3o \u201eInforma\u00e7\u00f5es sobre o controlador\u201c desta pol\u00edtica de privacidade.<\/p><h4>Como coletamos seus dados?<\/h4><p>Por um lado, seus dados s\u00e3o coletados quando voc\u00ea os fornece para n\u00f3s. Podem ser, por exemplo, dados inseridos em um formul\u00e1rio de contato.<\/p><p>Outros dados s\u00e3o coletados automaticamente ou com o seu consentimento pelos nossos sistemas de TI quando voc\u00ea visita o site. Trata-se principalmente de dados t\u00e9cnicos (por exemplo, navegador da Internet, sistema operacional ou tempo de visualiza\u00e7\u00e3o da p\u00e1gina). Esses dados s\u00e3o coletados automaticamente assim que voc\u00ea acessa o site.<\/p><h4>Para que usamos seus dados?<\/h4><p>Alguns dos dados s\u00e3o coletados para garantir que o site seja fornecido sem erros. Outros dados podem ser usados para analisar o comportamento do usu\u00e1rio. Se contratos puderem ser celebrados ou iniciados por meio do site, os dados transmitidos tamb\u00e9m ser\u00e3o processados para ofertas de contratos, pedidos ou outras consultas de pedidos.<\/p><h4>Que direitos voc\u00ea tem em rela\u00e7\u00e3o aos seus dados?<\/h4><p>Voc\u00ea tem o direito de receber informa\u00e7\u00f5es sobre a origem, o destinat\u00e1rio e a finalidade de seus dados pessoais armazenados gratuitamente a qualquer momento. Voc\u00ea tamb\u00e9m tem o direito de solicitar a corre\u00e7\u00e3o ou a exclus\u00e3o desses dados. Caso tenha dado seu consentimento para o processamento de dados, voc\u00ea poder\u00e1 revogar esse consentimento a qualquer momento no futuro. Voc\u00ea tamb\u00e9m tem o direito de solicitar a restri\u00e7\u00e3o do processamento de seus dados pessoais em determinadas circunst\u00e2ncias. Al\u00e9m disso, voc\u00ea tem o direito de apresentar uma reclama\u00e7\u00e3o \u00e0 autoridade supervisora competente.<\/p><p>Voc\u00ea pode entrar em contato conosco a qualquer momento se tiver outras d\u00favidas sobre a quest\u00e3o da prote\u00e7\u00e3o de dados.<\/p><h2>2. hospedagem<\/h2><p>Hospedamos o conte\u00fado de nosso site com o seguinte provedor:<\/p><h3>Mittwald<\/h3><p>O provedor \u00e9 a Mittwald CM Service GmbH &amp; Co. KG, K\u00f6nigsberger Stra\u00dfe 4-6, 32339 Espelkamp (doravante denominada Mittwald).<\/p><p>Os detalhes podem ser encontrados na pol\u00edtica de privacidade da Mittwald: <a href=\"https:\/\/www.mittwald.de\/datenschutz\" target=\"_blank\" rel=\"noopener noreferrer\">https:\/\/www.mittwald.de\/datenschutz<\/a>.<\/p><p>O uso do Mittwald \u00e9 baseado no Art. 6, par\u00e1grafo 1 lit. f do GDPR. Temos um interesse leg\u00edtimo em exibir nosso site da forma mais confi\u00e1vel poss\u00edvel. Se um consentimento correspondente tiver sido solicitado, o processamento ser\u00e1 realizado exclusivamente com base no Art. 6, par\u00e1grafo 1 lit. a GDPR e \u00a7 25, par\u00e1grafo 1 TDDDG, na medida em que o consentimento inclua o armazenamento de cookies ou o acesso a informa\u00e7\u00f5es no dispositivo terminal do usu\u00e1rio (por exemplo, impress\u00e3o digital do dispositivo) dentro do significado do TDDDG. O consentimento pode ser revogado a qualquer momento.<\/p><h4>Processamento de pedidos<\/h4><p>Conclu\u00edmos um contrato de processamento de dados (DPA) para o uso do servi\u00e7o mencionado acima. Esse \u00e9 um contrato prescrito pela lei de prote\u00e7\u00e3o de dados, que garante o processamento dos dados pessoais dos visitantes de nosso site somente de acordo com nossas instru\u00e7\u00f5es e em conformidade com o GDPR.<\/p><h2>3 Notas gerais e informa\u00e7\u00f5es obrigat\u00f3rias<\/h2><h3>Prote\u00e7\u00e3o de dados<\/h3><p>Os operadores destas p\u00e1ginas levam muito a s\u00e9rio a prote\u00e7\u00e3o de seus dados pessoais. Tratamos seus dados pessoais de forma confidencial e de acordo com os regulamentos estatut\u00e1rios de prote\u00e7\u00e3o de dados e com esta pol\u00edtica de privacidade.<\/p><p>Quando voc\u00ea usa este site, v\u00e1rios dados pessoais s\u00e3o coletados. Dados pessoais s\u00e3o dados que podem ser usados para identific\u00e1-lo pessoalmente. Esta pol\u00edtica de privacidade explica quais dados coletamos e para que os usamos. Ela tamb\u00e9m explica como e para que finalidade isso \u00e9 feito.<\/p><p>Gostar\u00edamos de salientar que a transmiss\u00e3o de dados pela Internet (por exemplo, ao se comunicar por e-mail) pode estar sujeita a vulnerabilidades de seguran\u00e7a. A prote\u00e7\u00e3o completa dos dados contra o acesso de terceiros n\u00e3o \u00e9 poss\u00edvel.<\/p><h3>Nota sobre o \u00f3rg\u00e3o respons\u00e1vel<\/h3><p>O controlador respons\u00e1vel pelo processamento de dados neste site \u00e9<\/p><p>Telfonio GmbH &amp; Co. KG<br \/>Chausseestra\u00dfe, 59C<br \/>10115 Berlim<\/p><p>Telefone: 0938 \/ 15 24 022-0<br \/>E-mail: scheckenbach@mobilfunk-talk.de<\/p><p>O controlador \u00e9 a pessoa f\u00edsica ou jur\u00eddica que, sozinha ou em conjunto com outras, determina as finalidades e os meios de processamento de dados pessoais (por exemplo, nomes, endere\u00e7os de e-mail etc.).<\/p><h3>Dura\u00e7\u00e3o do armazenamento<\/h3><p>A menos que um per\u00edodo de armazenamento mais espec\u00edfico tenha sido especificado nesta pol\u00edtica de privacidade, seus dados pessoais permanecer\u00e3o conosco at\u00e9 que a finalidade do processamento de dados n\u00e3o se aplique mais. Se voc\u00ea fizer uma solicita\u00e7\u00e3o justificada de exclus\u00e3o ou revogar seu consentimento para o processamento de dados, seus dados ser\u00e3o exclu\u00eddos, a menos que tenhamos outros motivos legalmente permitidos para armazenar seus dados pessoais (por exemplo, per\u00edodos de reten\u00e7\u00e3o de acordo com a legisla\u00e7\u00e3o fiscal ou comercial); nesse \u00faltimo caso, a exclus\u00e3o ocorrer\u00e1 depois que esses motivos n\u00e3o forem mais aplic\u00e1veis.<\/p><h3>Informa\u00e7\u00f5es gerais sobre a base legal para o processamento de dados neste site<\/h3><p>Se voc\u00ea consentiu com o processamento de dados, processamos seus dados pessoais com base no Art. 6, par\u00e1grafo 1 lit. a GDPR ou Art. 9, par\u00e1grafo 2 lit. a GDPR, na medida em que categorias especiais de dados s\u00e3o processadas de acordo com o Art. 9, par\u00e1grafo 1 GDPR. No caso de consentimento expresso para a transfer\u00eancia de dados pessoais para pa\u00edses terceiros, o processamento de dados tamb\u00e9m \u00e9 realizado com base no Art. 49, par\u00e1grafo 1 lit. a do GDPR. Se voc\u00ea consentiu com o armazenamento de cookies ou com o acesso a informa\u00e7\u00f5es em seu dispositivo final (por exemplo, por meio de impress\u00e3o digital do dispositivo), o processamento de dados tamb\u00e9m \u00e9 realizado com base na Se\u00e7\u00e3o 25 (1) do TDDDG. O consentimento pode ser revogado a qualquer momento. Se seus dados forem necess\u00e1rios para o cumprimento de um contrato ou para a implementa\u00e7\u00e3o de medidas pr\u00e9-contratuais, processamos seus dados com base no Art. 6, par\u00e1grafo 1, al\u00ednea b, do GDPR. Al\u00e9m disso, processamos seus dados se isso for necess\u00e1rio para cumprir uma obriga\u00e7\u00e3o legal com base no Art. 6, par\u00e1grafo 1 lit. c do GDPR. O processamento de dados tamb\u00e9m pode ser realizado com base em nosso interesse leg\u00edtimo, de acordo com o Art. 6, par\u00e1grafo 1, al\u00ednea f do GDPR. As informa\u00e7\u00f5es sobre as bases legais relevantes em cada caso individual s\u00e3o fornecidas nos par\u00e1grafos seguintes desta pol\u00edtica de privacidade.<\/p><h3>Destinat\u00e1rios de dados pessoais<\/h3><p>Como parte de nossas atividades comerciais, trabalhamos em conjunto com v\u00e1rias organiza\u00e7\u00f5es externas. Em alguns casos, tamb\u00e9m \u00e9 necess\u00e1rio transferir dados pessoais para essas organiza\u00e7\u00f5es externas. Somente transmitimos dados pessoais a \u00f3rg\u00e3os externos se isso for necess\u00e1rio para o cumprimento de um contrato, se formos legalmente obrigados a faz\u00ea-lo (por exemplo, transmiss\u00e3o de dados a autoridades fiscais), se tivermos um interesse leg\u00edtimo na transfer\u00eancia de acordo com o Art. 6, par\u00e1grafo 1 lit. f do GDPR ou se outra base legal permitir a transfer\u00eancia de dados. Ao usar processadores, somente transmitimos os dados pessoais de nossos clientes com base em um contrato v\u00e1lido para o processamento de pedidos. No caso de processamento conjunto, \u00e9 celebrado um contrato de processamento conjunto.<\/p><h3>Revoga\u00e7\u00e3o de seu consentimento para o processamento de dados<\/h3><p>Muitas opera\u00e7\u00f5es de processamento de dados s\u00f3 s\u00e3o poss\u00edveis com seu consentimento expresso. Voc\u00ea pode revogar seu consentimento a qualquer momento. A legalidade do processamento de dados realizado at\u00e9 a revoga\u00e7\u00e3o n\u00e3o \u00e9 afetada pela revoga\u00e7\u00e3o.<\/p><h3>Direito de se opor \u00e0 coleta de dados em casos especiais e ao marketing direto (Art. 21 do GDPR)<\/h3><p>SE O PROCESSAMENTO DE DADOS FOR BASEADO NO ART. 6 ABS. 1 LIT. E OU F GDPR, VOC\u00ca TEM O DIREITO DE SE OPOR AO PROCESSAMENTO DE SEUS DADOS PESSOAIS A QUALQUER MOMENTO POR MOTIVOS RELACIONADOS \u00c0 SUA SITUA\u00c7\u00c3O ESPEC\u00cdFICA; ISSO TAMB\u00c9M SE APLICA \u00c0 CRIA\u00c7\u00c3O DE PERFIS COM BASE NESSAS DISPOSI\u00c7\u00d5ES. A RESPECTIVA BASE LEGAL NA QUAL O PROCESSAMENTO SE BASEIA PODE SER ENCONTRADA NESTA POL\u00cdTICA DE PRIVACIDADE. SE VOC\u00ca SE OPUSER, N\u00c3O PROCESSAREMOS MAIS SEUS DADOS PESSOAIS EM QUEST\u00c3O, A MENOS QUE POSSAMOS DEMONSTRAR MOTIVOS LEG\u00cdTIMOS CONVINCENTES PARA O PROCESSAMENTO QUE SE SOBREPONHAM AOS SEUS INTERESSES, DIREITOS E LIBERDADES, OU QUE O PROCESSAMENTO SIRVA PARA O ESTABELECIMENTO, O EXERC\u00cdCIO OU A DEFESA DE REIVINDICA\u00c7\u00d5ES LEGAIS (OBJE\u00c7\u00c3O DE ACORDO COM O ART. 21, PAR\u00c1GRAFO 1, DO GDPR).<\/p><p>SE OS SEUS DADOS PESSOAIS FOREM PROCESSADOS PARA FINS DE MARKETING DIRETO, VOC\u00ca TEM O DIREITO DE SE OPOR, A QUALQUER MOMENTO, AO PROCESSAMENTO DOS DADOS PESSOAIS QUE LHE DIZEM RESPEITO PARA FINS DE MARKETING; ISSO TAMB\u00c9M SE APLICA \u00c0 CRIA\u00c7\u00c3O DE PERFIS, NA MEDIDA EM QUE ESTEJA RELACIONADA A ESSE MARKETING DIRETO. SE VOC\u00ca SE OPUSER, SEUS DADOS PESSOAIS N\u00c3O SER\u00c3O MAIS USADOS PARA FINS DE MARKETING DIRETO (OBJE\u00c7\u00c3O DE ACORDO COM O ART. 21, PAR\u00c1GRAFO 2, DO GDPR).<\/p><h3>Direito de apresentar uma reclama\u00e7\u00e3o \u00e0 autoridade de supervis\u00e3o competente<\/h3><p>No caso de viola\u00e7\u00f5es do GDPR, os titulares de dados t\u00eam o direito de apresentar uma reclama\u00e7\u00e3o a uma autoridade supervisora, em particular no Estado Membro de sua resid\u00eancia habitual, local de trabalho ou local da suposta viola\u00e7\u00e3o. O direito de apresentar uma reclama\u00e7\u00e3o n\u00e3o prejudica quaisquer outros recursos administrativos ou judiciais.<\/p><h3>Direito \u00e0 portabilidade de dados<\/h3><p>Voc\u00ea tem o direito de ter os dados que processamos automaticamente com base em seu consentimento ou no cumprimento de um contrato entregues a voc\u00ea ou a um terceiro em um formato comumente usado e leg\u00edvel por m\u00e1quina. Se voc\u00ea solicitar a transfer\u00eancia direta dos dados para outro controlador, isso s\u00f3 ser\u00e1 feito na medida em que for tecnicamente vi\u00e1vel.<\/p><h3>Informa\u00e7\u00f5es, corre\u00e7\u00e3o e exclus\u00e3o<\/h3><p>Dentro da estrutura das disposi\u00e7\u00f5es legais aplic\u00e1veis, voc\u00ea tem o direito de, a qualquer momento, obter informa\u00e7\u00f5es gratuitas sobre seus dados pessoais armazenados, sua origem e destinat\u00e1rio e a finalidade do processamento de dados e, se necess\u00e1rio, o direito de corre\u00e7\u00e3o ou exclus\u00e3o desses dados. Voc\u00ea pode entrar em contato conosco a qualquer momento se tiver outras d\u00favidas sobre o assunto de dados pessoais.<\/p><h3>Direito \u00e0 restri\u00e7\u00e3o do processamento<\/h3><p>Voc\u00ea tem o direito de solicitar a restri\u00e7\u00e3o do processamento de seus dados pessoais. Para isso, pode entrar em contato conosco a qualquer momento. O direito \u00e0 restri\u00e7\u00e3o do processamento existe nos seguintes casos:<\/p><ul><li>Se voc\u00ea contestar a precis\u00e3o dos seus dados pessoais armazenados por n\u00f3s, geralmente precisamos de tempo para verificar isso. Enquanto durar a revis\u00e3o, voc\u00ea tem o direito de solicitar que o processamento de seus dados pessoais seja restrito.<\/li><li>Se o processamento dos seus dados pessoais foi\/\u00e9 ilegal, voc\u00ea pode solicitar a restri\u00e7\u00e3o do processamento de dados em vez da exclus\u00e3o.<\/li><li>Se n\u00e3o precisarmos mais de seus dados pessoais, mas voc\u00ea precisar deles para o exerc\u00edcio, a defesa ou a afirma\u00e7\u00e3o de reivindica\u00e7\u00f5es legais, voc\u00ea tem o direito de solicitar a restri\u00e7\u00e3o do processamento de seus dados pessoais em vez de sua exclus\u00e3o.<\/li><li>Caso tenha apresentado uma obje\u00e7\u00e3o de acordo com o Art. 21 (1) do GDPR, ser\u00e1 necess\u00e1rio estabelecer um equil\u00edbrio entre os seus interesses e os nossos. Enquanto ainda n\u00e3o tiver sido determinado quais interesses prevalecem, voc\u00ea tem o direito de solicitar a restri\u00e7\u00e3o do processamento de seus dados pessoais.<\/li><\/ul><p>Se voc\u00ea tiver restringido o processamento de seus dados pessoais, esses dados - al\u00e9m do armazenamento - s\u00f3 poder\u00e3o ser processados com o seu consentimento ou para o estabelecimento, exerc\u00edcio ou defesa de reivindica\u00e7\u00f5es legais ou para a prote\u00e7\u00e3o dos direitos de outra pessoa f\u00edsica ou jur\u00eddica ou por motivos de interesse p\u00fablico importante da Uni\u00e3o Europeia ou de um Estado Membro.<\/p><h3>Criptografia SSL ou TLS<\/h3><p>Este site usa criptografia SSL ou TLS por motivos de seguran\u00e7a e para proteger a transmiss\u00e3o de conte\u00fado confidencial, como pedidos ou consultas que voc\u00ea nos envia como operador do site. \u00c9 poss\u00edvel reconhecer uma conex\u00e3o criptografada pelo fato de a linha de endere\u00e7o do navegador mudar de \u201ehttp:\/\/\u201c para \u201ehttps:\/\/\u201c e pelo s\u00edmbolo de cadeado na linha do navegador.<\/p><p>Se a criptografia SSL ou TLS estiver ativada, os dados que voc\u00ea nos transmitir n\u00e3o poder\u00e3o ser lidos por terceiros.<\/p><h2>4. plug-ins e ferramentas<\/h2><h3>Google Fonts (hospedagem local)<\/h3><p>Este site usa o chamado Google Fonts, que \u00e9 fornecido pelo Google, para a exibi\u00e7\u00e3o padronizada de fontes. As fontes do Google s\u00e3o instaladas localmente. N\u00e3o h\u00e1 conex\u00e3o com os servidores do Google.<\/p><p>Voc\u00ea pode encontrar mais informa\u00e7\u00f5es sobre o Google Fonts em <a href=\"https:\/\/developers.google.com\/fonts\/faq\" target=\"_blank\" rel=\"noopener noreferrer\">https:\/\/developers.google.com\/fonts\/faq<\/a> e na pol\u00edtica de privacidade do Google: <a href=\"https:\/\/policies.google.com\/privacy?hl=de\" target=\"_blank\" rel=\"noopener noreferrer\">https:\/\/policies.google.com\/privacy?hl=de<\/a>.<\/p><h2>5. marketing on-line e programas de parceria<\/h2><h3>Programas de afiliados neste site<\/h3><p>Participamos de programas de parceiros afiliados. Nos programas de parceiros afiliados, os an\u00fancios de uma empresa s\u00e3o colocados em sites ou outras m\u00eddias de outras empresas da rede de parceiros afiliados. Se voc\u00ea clicar em um desses an\u00fancios de afiliados, ser\u00e1 redirecionado para a oferta anunciada. Se, posteriormente, voc\u00ea fizer uma determinada transa\u00e7\u00e3o (convers\u00e3o), o afiliado e, se aplic\u00e1vel, o propriet\u00e1rio da m\u00eddia na qual o an\u00fancio foi colocado receber\u00e3o uma taxa por isso. Para calcular essa remunera\u00e7\u00e3o, \u00e9 necess\u00e1rio que o operador da rede de afiliados possa rastrear qual an\u00fancio o levou \u00e0 respectiva oferta e qual transa\u00e7\u00e3o predefinida foi realizada. Para esse fim, s\u00e3o usados cookies ou tecnologias de reconhecimento compar\u00e1veis (por exemplo, impress\u00e3o digital do dispositivo).<\/p><p>Os dados s\u00e3o armazenados e analisados com base no Art. 6, par\u00e1grafo 1 lit. f do GDPR. Os participantes do programa de afiliados t\u00eam um interesse leg\u00edtimo no c\u00e1lculo correto da remunera\u00e7\u00e3o do afiliado. Se um consentimento correspondente tiver sido solicitado, o processamento ser\u00e1 realizado exclusivamente com base no Art. 6, par\u00e1grafo 1 lit. a GDPR e \u00a7 25, par\u00e1grafo 1 TDDDG, na medida em que o consentimento inclua o armazenamento de cookies ou o acesso a informa\u00e7\u00f5es no dispositivo final do usu\u00e1rio (por exemplo, impress\u00e3o digital do dispositivo), de acordo com o significado do TDDDG. O consentimento pode ser revogado a qualquer momento.<\/p>\t\t\t\t\t\t\t\t<\/div>\n\t\t\t\t\t<\/div>\n\t\t\t\t<\/div>\n\t\t\t\t<\/div>","protected":false},"excerpt":{"rendered":"<p>Pol\u00edtica de privacidade 1. Vis\u00e3o geral da prote\u00e7\u00e3o de dados Informa\u00e7\u00f5es gerais As informa\u00e7\u00f5es a seguir fornecem uma vis\u00e3o geral simples do que acontece com seus dados pessoais quando voc\u00ea visita este site. Dados pessoais s\u00e3o quaisquer dados que possam ser usados para identific\u00e1-lo pessoalmente. Informa\u00e7\u00f5es detalhadas sobre o assunto de prote\u00e7\u00e3o de dados podem ser encontradas em nossa declara\u00e7\u00e3o de prote\u00e7\u00e3o de dados listada abaixo deste texto. A coleta de dados neste [...]<\/p>","protected":false},"author":1,"featured_media":0,"parent":0,"menu_order":0,"comment_status":"closed","ping_status":"closed","template":"","meta":{"_acf_changed":false,"footnotes":""},"class_list":["post-2002","page","type-page","status-publish","hentry"],"acf":[],"_links":{"self":[{"href":"https:\/\/lastwar-tutorial.com\/pt\/wp-json\/wp\/v2\/pages\/2002","targetHints":{"allow":["GET"]}}],"collection":[{"href":"https:\/\/lastwar-tutorial.com\/pt\/wp-json\/wp\/v2\/pages"}],"about":[{"href":"https:\/\/lastwar-tutorial.com\/pt\/wp-json\/wp\/v2\/types\/page"}],"author":[{"embeddable":true,"href":"https:\/\/lastwar-tutorial.com\/pt\/wp-json\/wp\/v2\/users\/1"}],"replies":[{"embeddable":true,"href":"https:\/\/lastwar-tutorial.com\/pt\/wp-json\/wp\/v2\/comments?post=2002"}],"version-history":[{"count":4,"href":"https:\/\/lastwar-tutorial.com\/pt\/wp-json\/wp\/v2\/pages\/2002\/revisions"}],"predecessor-version":[{"id":2006,"href":"https:\/\/lastwar-tutorial.com\/pt\/wp-json\/wp\/v2\/pages\/2002\/revisions\/2006"}],"wp:attachment":[{"href":"https:\/\/lastwar-tutorial.com\/pt\/wp-json\/wp\/v2\/media?parent=2002"}],"curies":[{"name":"wp","href":"https:\/\/api.w.org\/{rel}","templated":true}]}}