{"id":2002,"date":"2025-11-10T14:59:43","date_gmt":"2025-11-10T13:59:43","guid":{"rendered":"https:\/\/lastwar-tutorial.com\/?page_id=2002"},"modified":"2025-11-10T15:00:43","modified_gmt":"2025-11-10T14:00:43","slug":"datenschutz","status":"publish","type":"page","link":"https:\/\/lastwar-tutorial.com\/pt_pt\/datenschutz\/","title":{"rendered":"Prote\u00e7\u00e3o de dados"},"content":{"rendered":"<div data-elementor-type=\"wp-page\" data-elementor-id=\"2002\" class=\"elementor elementor-2002\" data-elementor-post-type=\"page\">\n\t\t\t\t<div class=\"elementor-element elementor-element-2e31d5f e-flex e-con-boxed e-con e-parent\" data-id=\"2e31d5f\" data-element_type=\"container\" data-e-type=\"container\">\n\t\t\t\t\t<div class=\"e-con-inner\">\n\t\t\t\t<div class=\"elementor-element elementor-element-968b4fe elementor-widget elementor-widget-heading\" data-id=\"968b4fe\" data-element_type=\"widget\" data-e-type=\"widget\" data-widget_type=\"heading.default\">\n\t\t\t\t\t<h1 class=\"elementor-heading-title elementor-size-default\">Pol\u00edtica de privacidade<\/h1>\t\t\t\t<\/div>\n\t\t\t\t<div class=\"elementor-element elementor-element-ec3284a elementor-widget elementor-widget-text-editor\" data-id=\"ec3284a\" data-element_type=\"widget\" data-e-type=\"widget\" data-widget_type=\"text-editor.default\">\n\t\t\t\t\t\t\t\t\t<h2>1. a prote\u00e7\u00e3o de dados em resumo<\/h2><h3>Informa\u00e7\u00f5es gerais<\/h3><p>As informa\u00e7\u00f5es que se seguem fornecem uma vis\u00e3o geral simples do que acontece aos dados pessoais do utilizador quando visita este s\u00edtio Web. Os dados pessoais s\u00e3o quaisquer dados que possam ser utilizados para o identificar pessoalmente. Pode encontrar informa\u00e7\u00f5es pormenorizadas sobre o tema da prote\u00e7\u00e3o de dados na nossa declara\u00e7\u00e3o de prote\u00e7\u00e3o de dados, que se encontra abaixo deste texto.<\/p><h3>Recolha de dados neste s\u00edtio Web<\/h3><h4>Quem \u00e9 respons\u00e1vel pela recolha de dados neste s\u00edtio Web?<\/h4><p>O tratamento dos dados neste s\u00edtio Web \u00e9 efectuado pelo operador do s\u00edtio Web. Pode encontrar os dados de contacto do operador na sec\u00e7\u00e3o \u201eInforma\u00e7\u00f5es sobre o respons\u00e1vel pelo tratamento\u201c da presente pol\u00edtica de privacidade.<\/p><h4>Como \u00e9 que recolhemos os seus dados?<\/h4><p>Por um lado, os dados do utilizador s\u00e3o recolhidos quando este os fornece. Podem ser, por exemplo, os dados que introduz num formul\u00e1rio de contacto.<\/p><p>Outros dados s\u00e3o recolhidos automaticamente ou com o seu consentimento pelos nossos sistemas inform\u00e1ticos quando visita o s\u00edtio Web. Trata-se principalmente de dados t\u00e9cnicos (por exemplo, navegador da Internet, sistema operativo ou tempo de visualiza\u00e7\u00e3o da p\u00e1gina). Estes dados s\u00e3o recolhidos automaticamente assim que o utilizador entra neste s\u00edtio Web.<\/p><h4>Para que \u00e9 que utilizamos os seus dados?<\/h4><p>Alguns dos dados s\u00e3o recolhidos para garantir que o s\u00edtio Web \u00e9 fornecido sem erros. Outros dados podem ser utilizados para analisar o comportamento do utilizador. Se for poss\u00edvel celebrar ou iniciar contratos atrav\u00e9s do s\u00edtio Web, os dados transmitidos tamb\u00e9m ser\u00e3o processados para ofertas de contratos, encomendas ou outros pedidos de encomenda.<\/p><h4>Que direitos tem relativamente aos seus dados?<\/h4><p>O utilizador tem o direito de receber gratuitamente, em qualquer altura, informa\u00e7\u00f5es sobre a origem, o destinat\u00e1rio e a finalidade dos seus dados pessoais armazenados. Tem tamb\u00e9m o direito de solicitar a corre\u00e7\u00e3o ou a elimina\u00e7\u00e3o destes dados. Se tiver dado o seu consentimento para o processamento de dados, pode revogar esse consentimento em qualquer altura para o futuro. Tem tamb\u00e9m o direito de solicitar a restri\u00e7\u00e3o do tratamento dos seus dados pessoais em determinadas circunst\u00e2ncias. Al\u00e9m disso, tem o direito de apresentar uma queixa junto da autoridade de controlo competente.<\/p><p>Pode contactar-nos em qualquer altura se tiver mais perguntas sobre a prote\u00e7\u00e3o de dados.<\/p><h2>2. alojamento<\/h2><p>O conte\u00fado do nosso s\u00edtio Web est\u00e1 alojado no seguinte fornecedor:<\/p><h3>Mittwald<\/h3><p>O prestador de servi\u00e7os \u00e9 a Mittwald CM Service GmbH &amp; Co. KG, K\u00f6nigsberger Stra\u00dfe 4-6, 32339 Espelkamp (a seguir designada \"Mittwald\").<\/p><p>Os pormenores podem ser consultados na pol\u00edtica de privacidade da Mittwald: <a href=\"https:\/\/www.mittwald.de\/datenschutz\" target=\"_blank\" rel=\"noopener noreferrer\">https:\/\/www.mittwald.de\/datenschutz<\/a>.<\/p><p>A utiliza\u00e7\u00e3o de Mittwald baseia-se no Art. 6, par\u00e1grafo 1 lit. f do RGPD. Temos um interesse leg\u00edtimo em apresentar o nosso s\u00edtio Web da forma mais fi\u00e1vel poss\u00edvel. Se tiver sido solicitado um consentimento correspondente, o processamento \u00e9 efectuado exclusivamente com base no art. 6, n.\u00ba 1 lit. a RGPD e \u00a7 25, n.\u00ba 1 TDDDG, na medida em que o consentimento inclui o armazenamento de cookies ou o acesso a informa\u00e7\u00f5es no dispositivo terminal do utilizador (por exemplo, impress\u00e3o digital do dispositivo) na ace\u00e7\u00e3o do TDDDG. O consentimento pode ser revogado em qualquer altura.<\/p><h4>Processamento de encomendas<\/h4><p>Celebr\u00e1mos um acordo de processamento de dados (DPA) para a utiliza\u00e7\u00e3o do servi\u00e7o acima mencionado. Trata-se de um contrato previsto na lei de prote\u00e7\u00e3o de dados, que garante o tratamento dos dados pessoais dos visitantes do nosso s\u00edtio Web apenas de acordo com as nossas instru\u00e7\u00f5es e em conformidade com o RGPD.<\/p><h2>3 Notas gerais e informa\u00e7\u00f5es obrigat\u00f3rias<\/h2><h3>Prote\u00e7\u00e3o de dados<\/h3><p>Os operadores destas p\u00e1ginas levam muito a s\u00e9rio a prote\u00e7\u00e3o dos seus dados pessoais. Tratamos os seus dados pessoais de forma confidencial e de acordo com os regulamentos legais de prote\u00e7\u00e3o de dados e com esta pol\u00edtica de privacidade.<\/p><p>Quando o utilizador utiliza este s\u00edtio Web, s\u00e3o recolhidos v\u00e1rios dados pessoais. Os dados pessoais s\u00e3o dados que podem ser utilizados para o identificar pessoalmente. Esta pol\u00edtica de privacidade explica quais os dados que recolhemos e para que os utilizamos. Explica tamb\u00e9m como e com que objetivo o fazemos.<\/p><p>Gostar\u00edamos de salientar que a transmiss\u00e3o de dados atrav\u00e9s da Internet (por exemplo, ao comunicar por correio eletr\u00f3nico) pode estar sujeita a vulnerabilidades de seguran\u00e7a. N\u00e3o \u00e9 poss\u00edvel uma prote\u00e7\u00e3o completa dos dados contra o acesso de terceiros.<\/p><h3>Nota sobre o organismo respons\u00e1vel<\/h3><p>O respons\u00e1vel pelo tratamento dos dados neste s\u00edtio Web \u00e9<\/p><p>Telfonio GmbH &amp; Co. KG<br \/>Chausseestra\u00dfe, 59C<br \/>10115 Berlim<\/p><p>Telefone: 0938 \/ 15 24 022-0<br \/>Correio eletr\u00f3nico: scheckenbach@mobilfunk-talk.de<\/p><p>O respons\u00e1vel pelo tratamento \u00e9 a pessoa singular ou colectiva que, individualmente ou em conjunto com outras, determina as finalidades e os meios de tratamento dos dados pessoais (por exemplo, nomes, endere\u00e7os de correio eletr\u00f3nico, etc.).<\/p><h3>Dura\u00e7\u00e3o do armazenamento<\/h3><p>A menos que tenha sido especificado um per\u00edodo de armazenamento mais espec\u00edfico na presente pol\u00edtica de privacidade, os seus dados pessoais permanecer\u00e3o connosco at\u00e9 que a finalidade do processamento de dados deixe de se aplicar. Se fizer um pedido justificado de apagamento ou revogar o seu consentimento para o tratamento de dados, os seus dados ser\u00e3o apagados, a menos que tenhamos outros motivos legalmente admiss\u00edveis para armazenar os seus dados pessoais (por exemplo, per\u00edodos de reten\u00e7\u00e3o ao abrigo da legisla\u00e7\u00e3o fiscal ou comercial); neste \u00faltimo caso, o apagamento ter\u00e1 lugar depois de esses motivos deixarem de se aplicar.<\/p><h3>Informa\u00e7\u00f5es gerais sobre a base jur\u00eddica do tratamento de dados neste s\u00edtio Web<\/h3><p>Se tiver dado o seu consentimento para o processamento de dados, processamos os seus dados pessoais com base no art. 6, n.\u00ba 1 lit. a do RGPD ou no art. 9, n.\u00ba 2 lit. a do RGPD, na medida em que categorias especiais de dados s\u00e3o processadas de acordo com o art. 9, n.\u00ba 1 do RGPD. No caso de um consentimento expresso para a transfer\u00eancia de dados pessoais para pa\u00edses terceiros, o processamento de dados \u00e9 tamb\u00e9m efectuado com base no Art. 49\u00ba, n\u00ba 1 lit. a do RGPD. Se tiver dado o seu consentimento para o armazenamento de cookies ou para o acesso a informa\u00e7\u00f5es no seu dispositivo final (por exemplo, atrav\u00e9s da impress\u00e3o digital do dispositivo), o processamento de dados tamb\u00e9m \u00e9 efectuado com base no \u00a7 25 (1) do TDDDG. O consentimento pode ser revogado em qualquer altura. Se os seus dados forem necess\u00e1rios para o cumprimento de um contrato ou para a implementa\u00e7\u00e3o de medidas pr\u00e9-contratuais, processamos os seus dados com base no Art. 6, par\u00e1grafo 1 lit. b do RGPD. Al\u00e9m disso, processamos os seus dados se tal for necess\u00e1rio para o cumprimento de uma obriga\u00e7\u00e3o legal com base no Art. 6, n.\u00ba 1, al\u00ednea c) do RGPD. O processamento de dados tamb\u00e9m pode ser efectuado com base no nosso interesse leg\u00edtimo, de acordo com o Art. 6, par. 1 lit. f do RGPD. As informa\u00e7\u00f5es sobre as bases jur\u00eddicas relevantes em cada caso individual s\u00e3o fornecidas nos par\u00e1grafos seguintes desta pol\u00edtica de privacidade.<\/p><h3>Destinat\u00e1rios dos dados pessoais<\/h3><p>No \u00e2mbito das nossas actividades comerciais, trabalhamos em conjunto com v\u00e1rias organiza\u00e7\u00f5es externas. Nalguns casos, tamb\u00e9m \u00e9 necess\u00e1rio transferir dados pessoais para estas organiza\u00e7\u00f5es externas. Apenas transmitimos dados pessoais a entidades externas se tal for necess\u00e1rio para o cumprimento de um contrato, se formos legalmente obrigados a faz\u00ea-lo (por exemplo, transmiss\u00e3o de dados \u00e0s autoridades fiscais), se tivermos um interesse leg\u00edtimo na transmiss\u00e3o, de acordo com o Art. 6, n.\u00ba 1, al\u00ednea f) do RGPD, ou se outra base legal permitir a transmiss\u00e3o de dados. Quando recorremos a subcontratantes, apenas transmitimos os dados pessoais dos nossos clientes com base num contrato v\u00e1lido para o processamento de encomendas. No caso de processamento conjunto, \u00e9 celebrado um acordo de processamento conjunto.<\/p><h3>Revoga\u00e7\u00e3o do seu consentimento para o tratamento de dados<\/h3><p>Muitas opera\u00e7\u00f5es de tratamento de dados s\u00f3 s\u00e3o poss\u00edveis com o seu consentimento expresso. O utilizador pode retirar o seu consentimento em qualquer altura. A legalidade do tratamento de dados efectuado at\u00e9 \u00e0 revoga\u00e7\u00e3o n\u00e3o \u00e9 afetada pela revoga\u00e7\u00e3o.<\/p><h3>Direito de oposi\u00e7\u00e3o \u00e0 recolha de dados em casos especiais e ao marketing direto (art. 21.\u00ba do RGPD)<\/h3><p>SE O TRATAMENTO DE DADOS SE BASEAR NO ART. 6 ABS. 1 LIT. E OU F DO RGPD, TEM O DIREITO DE SE OPOR AO TRATAMENTO DOS SEUS DADOS PESSOAIS EM QUALQUER ALTURA POR MOTIVOS RELACIONADOS COM A SUA SITUA\u00c7\u00c3O PARTICULAR; ISTO TAMB\u00c9M SE APLICA \u00c0 DEFINI\u00c7\u00c3O DE PERFIS COM BASE NESTAS DISPOSI\u00c7\u00d5ES. A RESPECTIVA BASE LEGAL EM QUE SE BASEIA O PROCESSAMENTO PODE SER ENCONTRADA NESTA POL\u00cdTICA DE PRIVACIDADE. SE SE OPUSER, DEIXAREMOS DE TRATAR OS SEUS DADOS PESSOAIS EM CAUSA, A MENOS QUE POSSAMOS DEMONSTRAR MOTIVOS LEG\u00cdTIMOS IMPERIOSOS PARA O TRATAMENTO QUE SE SOBREPONHAM AOS SEUS INTERESSES, DIREITOS E LIBERDADES, OU QUE O TRATAMENTO SIRVA PARA A DECLARA\u00c7\u00c3O, O EXERC\u00cdCIO OU A DEFESA DE UM DIREITO NUM PROCESSO JUDICIAL (OBJEC\u00c7\u00c3O NOS TERMOS DO ART. 21\u00ba, N\u00ba 1, DO RGPD).<\/p><p>SE OS SEUS DADOS PESSOAIS FOREM TRATADOS PARA EFEITOS DE COMERCIALIZA\u00c7\u00c3O DIRECTA, TEM O DIREITO DE SE OPOR, EM QUALQUER MOMENTO, AO TRATAMENTO DOS DADOS PESSOAIS QUE LHE DIGAM RESPEITO PARA EFEITOS DESSA COMERCIALIZA\u00c7\u00c3O; O MESMO SE APLICA \u00c0 DEFINI\u00c7\u00c3O DE PERFIS, NA MEDIDA EM QUE ESTEJA RELACIONADA COM ESSA COMERCIALIZA\u00c7\u00c3O DIRECTA. SE SE OPUSER, OS SEUS DADOS PESSOAIS DEIXAR\u00c3O DE SER UTILIZADOS PARA EFEITOS DE COMERCIALIZA\u00c7\u00c3O DIRECTA (OBJEC\u00c7\u00c3O NOS TERMOS DO ART. 21\u00ba, N\u00ba 2 DO RGPD).<\/p><h3>Direito de apresentar uma queixa \u00e0 autoridade de controlo competente<\/h3><p>Em caso de viola\u00e7\u00e3o do RGPD, as pessoas em causa t\u00eam o direito de apresentar uma queixa a uma autoridade de controlo, nomeadamente no Estado-Membro da sua resid\u00eancia habitual, do seu local de trabalho ou do local da alegada viola\u00e7\u00e3o. O direito de apresentar uma queixa n\u00e3o prejudica quaisquer outras vias de recurso administrativo ou judicial.<\/p><h3>Direito \u00e0 portabilidade dos dados<\/h3><p>O utilizador tem o direito a que os dados que tratamos automaticamente com base no seu consentimento ou no cumprimento de um contrato lhe sejam transmitidos, a si ou a terceiros, num formato comummente utilizado e leg\u00edvel por m\u00e1quina. Se solicitar a transfer\u00eancia direta dos dados para outro respons\u00e1vel pelo tratamento, tal s\u00f3 ser\u00e1 feito na medida em que seja tecnicamente vi\u00e1vel.<\/p><h3>Informa\u00e7\u00e3o, corre\u00e7\u00e3o e supress\u00e3o<\/h3><p>No \u00e2mbito das disposi\u00e7\u00f5es legais aplic\u00e1veis, tem o direito de, a qualquer momento, obter informa\u00e7\u00f5es gratuitas sobre os seus dados pessoais armazenados, a sua origem e destinat\u00e1rio e a finalidade do processamento de dados e, se necess\u00e1rio, o direito de corre\u00e7\u00e3o ou elimina\u00e7\u00e3o desses dados. Pode contactar-nos a qualquer momento se tiver mais perguntas sobre a quest\u00e3o dos dados pessoais.<\/p><h3>Direito \u00e0 limita\u00e7\u00e3o do tratamento<\/h3><p>O utilizador tem o direito de solicitar a limita\u00e7\u00e3o do tratamento dos seus dados pessoais. Para tal, pode contactar-nos em qualquer altura. O direito \u00e0 limita\u00e7\u00e3o do tratamento existe nos seguintes casos:<\/p><ul><li>Se contestar a exatid\u00e3o dos seus dados pessoais armazenados por n\u00f3s, geralmente precisamos de tempo para os verificar. Enquanto durar a verifica\u00e7\u00e3o, o utilizador tem o direito de solicitar que o processamento dos seus dados pessoais seja restringido.<\/li><li>Se o tratamento dos seus dados pessoais foi\/\u00e9 ilegal, pode solicitar a restri\u00e7\u00e3o do tratamento dos dados em vez do seu apagamento.<\/li><li>Se j\u00e1 n\u00e3o precisarmos dos seus dados pessoais, mas precisarmos deles para o exerc\u00edcio, a defesa ou a reivindica\u00e7\u00e3o de ac\u00e7\u00f5es judiciais, tem o direito de solicitar a restri\u00e7\u00e3o do tratamento dos seus dados pessoais em vez do seu apagamento.<\/li><li>Se apresentou uma obje\u00e7\u00e3o em conformidade com o Art. 21 (1) do RGPD, deve ser estabelecido um equil\u00edbrio entre os seus interesses e os nossos. Enquanto n\u00e3o for determinado quais os interesses que prevalecem, o utilizador tem o direito de solicitar a restri\u00e7\u00e3o do tratamento dos seus dados pessoais.<\/li><\/ul><p>Se tiver restringido o tratamento dos seus dados pessoais, estes dados - para al\u00e9m da sua conserva\u00e7\u00e3o - s\u00f3 podem ser tratados com o seu consentimento ou para a declara\u00e7\u00e3o, o exerc\u00edcio ou a defesa de um direito num processo judicial ou para a prote\u00e7\u00e3o dos direitos de outra pessoa singular ou colectiva ou por motivos de interesse p\u00fablico importante da Uni\u00e3o Europeia ou de um Estado-Membro.<\/p><h3>Encripta\u00e7\u00e3o SSL ou TLS<\/h3><p>Este s\u00edtio utiliza a encripta\u00e7\u00e3o SSL ou TLS por raz\u00f5es de seguran\u00e7a e para proteger a transmiss\u00e3o de conte\u00fados confidenciais, tais como encomendas ou pedidos de informa\u00e7\u00e3o que nos envia enquanto operador do s\u00edtio. Pode reconhecer uma liga\u00e7\u00e3o encriptada pelo facto de a linha de endere\u00e7o do navegador mudar de \u201ehttp:\/\/\u201c para \u201ehttps:\/\/\u201c e pelo s\u00edmbolo de cadeado na linha do seu navegador.<\/p><p>Se a encripta\u00e7\u00e3o SSL ou TLS estiver activada, os dados que nos transmite n\u00e3o podem ser lidos por terceiros.<\/p><h2>4. plugins e ferramentas<\/h2><h3>Google Fonts (alojamento local)<\/h3><p>Este s\u00edtio utiliza as chamadas Google Fonts, que s\u00e3o fornecidas pela Google, para a apresenta\u00e7\u00e3o normalizada de tipos de letra. As fontes do Google s\u00e3o instaladas localmente. N\u00e3o existe qualquer liga\u00e7\u00e3o aos servidores da Google.<\/p><p>Pode encontrar mais informa\u00e7\u00f5es sobre o Google Fonts em <a href=\"https:\/\/developers.google.com\/fonts\/faq\" target=\"_blank\" rel=\"noopener noreferrer\">https:\/\/developers.google.com\/fonts\/faq<\/a> e na pol\u00edtica de privacidade da Google: <a href=\"https:\/\/policies.google.com\/privacy?hl=de\" target=\"_blank\" rel=\"noopener noreferrer\">https:\/\/policies.google.com\/privacy?hl=de<\/a>.<\/p><h2>5. marketing em linha e programas de parceria<\/h2><h3>Programas de afilia\u00e7\u00e3o neste s\u00edtio Web<\/h3><p>Participamos em programas de parceiros afiliados. Nos programas de parceiros afiliados, os an\u00fancios de uma empresa s\u00e3o colocados em s\u00edtios Web ou noutros meios de comunica\u00e7\u00e3o de outras empresas da rede de parceiros afiliados. Se o utilizador clicar num destes an\u00fancios de afiliados, ser\u00e1 redireccionado para a oferta anunciada. Se, posteriormente, efetuar uma determinada transa\u00e7\u00e3o (convers\u00e3o), o afiliado e, se for caso disso, o propriet\u00e1rio do suporte em que o an\u00fancio foi colocado, receber\u00e3o uma remunera\u00e7\u00e3o por esse facto. Para calcular esta remunera\u00e7\u00e3o, \u00e9 necess\u00e1rio que o operador da rede de afiliados possa localizar o an\u00fancio que o levou \u00e0 respectiva oferta e a transa\u00e7\u00e3o predefinida que efectuou. Para este efeito, s\u00e3o utilizados cookies ou tecnologias de reconhecimento compar\u00e1veis (por exemplo, impress\u00e3o digital do dispositivo).<\/p><p>Os dados s\u00e3o armazenados e analisados com base no Art. 6, par\u00e1grafo 1 lit. f do RGPD. Os participantes no programa de afiliados t\u00eam um interesse leg\u00edtimo no c\u00e1lculo correto da remunera\u00e7\u00e3o dos afiliados. Se tiver sido solicitado um consentimento correspondente, o processamento \u00e9 efectuado exclusivamente com base no Art. 6, n.\u00ba 1 lit. a RGPD e \u00a7 25, n.\u00ba 1 TDDDG, na medida em que o consentimento inclui o armazenamento de cookies ou o acesso a informa\u00e7\u00f5es no dispositivo final do utilizador (por exemplo, impress\u00e3o digital do dispositivo) na ace\u00e7\u00e3o do TDDDG. O consentimento pode ser revogado em qualquer altura.<\/p>\t\t\t\t\t\t\t\t<\/div>\n\t\t\t\t\t<\/div>\n\t\t\t\t<\/div>\n\t\t\t\t<\/div>","protected":false},"excerpt":{"rendered":"<p>Pol\u00edtica de privacidade 1. Resumo da prote\u00e7\u00e3o de dados Informa\u00e7\u00f5es gerais As informa\u00e7\u00f5es que se seguem fornecem uma vis\u00e3o geral simples do que acontece aos seus dados pessoais quando visita este s\u00edtio Web. Os dados pessoais s\u00e3o quaisquer dados que possam ser utilizados para o identificar pessoalmente. Pode encontrar informa\u00e7\u00f5es pormenorizadas sobre o tema da prote\u00e7\u00e3o de dados na nossa declara\u00e7\u00e3o de prote\u00e7\u00e3o de dados, que se encontra abaixo deste texto. A recolha de dados neste [...]<\/p>","protected":false},"author":1,"featured_media":0,"parent":0,"menu_order":0,"comment_status":"closed","ping_status":"closed","template":"","meta":{"_acf_changed":false,"footnotes":""},"class_list":["post-2002","page","type-page","status-publish","hentry"],"acf":[],"_links":{"self":[{"href":"https:\/\/lastwar-tutorial.com\/pt_pt\/wp-json\/wp\/v2\/pages\/2002","targetHints":{"allow":["GET"]}}],"collection":[{"href":"https:\/\/lastwar-tutorial.com\/pt_pt\/wp-json\/wp\/v2\/pages"}],"about":[{"href":"https:\/\/lastwar-tutorial.com\/pt_pt\/wp-json\/wp\/v2\/types\/page"}],"author":[{"embeddable":true,"href":"https:\/\/lastwar-tutorial.com\/pt_pt\/wp-json\/wp\/v2\/users\/1"}],"replies":[{"embeddable":true,"href":"https:\/\/lastwar-tutorial.com\/pt_pt\/wp-json\/wp\/v2\/comments?post=2002"}],"version-history":[{"count":4,"href":"https:\/\/lastwar-tutorial.com\/pt_pt\/wp-json\/wp\/v2\/pages\/2002\/revisions"}],"predecessor-version":[{"id":2006,"href":"https:\/\/lastwar-tutorial.com\/pt_pt\/wp-json\/wp\/v2\/pages\/2002\/revisions\/2006"}],"wp:attachment":[{"href":"https:\/\/lastwar-tutorial.com\/pt_pt\/wp-json\/wp\/v2\/media?parent=2002"}],"curies":[{"name":"wp","href":"https:\/\/api.w.org\/{rel}","templated":true}]}}