{"id":1994,"date":"2025-11-10T14:55:50","date_gmt":"2025-11-10T13:55:50","guid":{"rendered":"https:\/\/lastwar-tutorial.com\/?page_id=1994"},"modified":"2025-11-10T14:59:21","modified_gmt":"2025-11-10T13:59:21","slug":"impressum","status":"publish","type":"page","link":"https:\/\/lastwar-tutorial.com\/vi\/impressum\/","title":{"rendered":"d\u1ea5u \u1ea5n"},"content":{"rendered":"<div data-elementor-type=\"wp-page\" data-elementor-id=\"1994\" class=\"elementor elementor-1994\" data-elementor-post-type=\"page\">\n\t\t\t\t<div class=\"elementor-element elementor-element-3bc56a2 e-flex e-con-boxed e-con e-parent\" data-id=\"3bc56a2\" data-element_type=\"container\" data-e-type=\"container\">\n\t\t\t\t\t<div class=\"e-con-inner\">\n\t\t\t\t<div class=\"elementor-element elementor-element-aeee739 elementor-widget elementor-widget-heading\" data-id=\"aeee739\" data-element_type=\"widget\" data-e-type=\"widget\" data-widget_type=\"heading.default\">\n\t\t\t\t\t<h1 class=\"elementor-heading-title elementor-size-default\">d\u1ea5u \u1ea5n<\/h1>\t\t\t\t<\/div>\n\t\t\t\t<div class=\"elementor-element elementor-element-766b1fc elementor-widget elementor-widget-text-editor\" data-id=\"766b1fc\" data-element_type=\"widget\" data-e-type=\"widget\" data-widget_type=\"text-editor.default\">\n\t\t\t\t\t\t\t\t\t<p><strong>lastwar-tutorial l\u00e0 m\u1ed9t d\u1ef1 \u00e1n c\u1ee7a:<\/strong><br \/>Telfonio GmbH &amp; Co. KG<br \/>\u0110\u01b0\u1eddng Chausseestra\u00dfe, 59C<br \/>10115 Berlin<\/p><p><strong>\u0110\u1ea1i di\u1ec7n b\u1edfi:<\/strong><br \/>C\u00f4ng ty qu\u1ea3n l\u00fd Scheckenbach GmbH<br \/>\u0110\u01b0\u1eddng Chausseestr. 59C<br \/>10115 Berlin<\/p><p>\u0110\u1ea1i di\u1ec7n b\u1edfi:<br \/>Thomas Scheckenbach<\/p><p>\u0110\u0103ng k\u00fd kinh doanh: HRB 133598B<br \/>T\u00f2a \u00e1n \u0111\u0103ng k\u00fd: T\u00f2a \u00e1n qu\u1eadn Charlottenburg<\/p><h2>Li\u00ean h\u1ec7<\/h2><p>\u0110i\u1ec7n tho\u1ea1i: 0938 \/ 15 24 022-0<br \/>Email: scheckenbach@mobilfunk-talk.de<\/p><h2>M\u00e3 s\u1ed1 thu\u1ebf doanh thu<\/h2><p>S\u1ed1 nh\u1eadn d\u1ea1ng thu\u1ebf b\u00e1n h\u00e0ng theo \u00a7 27 a Lu\u1eadt thu\u1ebf b\u00e1n h\u00e0ng:<br \/>DE 277446350<\/p><h2>Ch\u1ecbu tr\u00e1ch nhi\u1ec7m bi\u00ean t\u1eadp<\/h2><p>Thomas Scheckenbach<\/p><h2>Th\u1ef1c hi\u1ec7n:<\/h2><p><a href=\"https:\/\/thecase.digital\" target=\"_blank\" rel=\"noopener\">theCASE.digital<\/a><\/p>\t\t\t\t\t\t\t\t<\/div>\n\t\t\t\t\t<\/div>\n\t\t\t\t<\/div>\n\t\t\t\t<\/div>","protected":false},"excerpt":{"rendered":"<p>Th\u00f4ng tin ph\u00e1p l\u00fd lastwar-tutorial l\u00e0 m\u1ed9t d\u1ef1 \u00e1n c\u1ee7a: Telfonio GmbH &amp; Co. KG Chausseestra\u00dfe, 59C10115 Berlin \u0110\u1ea1i di\u1ec7n b\u1edfi: Scheckenbach Verwaltung GmbH Chausseestr. 59C10115 Berlin \u0110\u1ea1i di\u1ec7n b\u1edfi: Thomas Scheckenbach S\u1ed5 \u0111\u0103ng k\u00fd th\u01b0\u01a1ng m\u1ea1i: HRB 133598B T\u00f2a \u00e1n \u0111\u0103ng k\u00fd: T\u00f2a \u00e1n \u0111\u1ecba ph\u01b0\u01a1ng Charlottenburg Li\u00ean h\u1ec7 \u0110i\u1ec7n tho\u1ea1i: 0938 \/ 15 24 022-0E-Mail: scheckenbach@mobilfunk-talk.de M\u00e3 s\u1ed1 thu\u1ebf VAT M\u00e3 s\u1ed1 thu\u1ebf VAT theo \u00a7 27 a Lu\u1eadt thu\u1ebf VAT:DE 277446350 Tr\u00e1ch nhi\u1ec7m bi\u00ean t\u1eadp Thomas Scheckenbach Th\u1ef1c hi\u1ec7n: theCASE.digital<\/p>","protected":false},"author":1,"featured_media":0,"parent":0,"menu_order":0,"comment_status":"closed","ping_status":"closed","template":"","meta":{"_acf_changed":false,"footnotes":""},"class_list":["post-1994","page","type-page","status-publish","hentry"],"acf":[],"_links":{"self":[{"href":"https:\/\/lastwar-tutorial.com\/vi\/wp-json\/wp\/v2\/pages\/1994","targetHints":{"allow":["GET"]}}],"collection":[{"href":"https:\/\/lastwar-tutorial.com\/vi\/wp-json\/wp\/v2\/pages"}],"about":[{"href":"https:\/\/lastwar-tutorial.com\/vi\/wp-json\/wp\/v2\/types\/page"}],"author":[{"embeddable":true,"href":"https:\/\/lastwar-tutorial.com\/vi\/wp-json\/wp\/v2\/users\/1"}],"replies":[{"embeddable":true,"href":"https:\/\/lastwar-tutorial.com\/vi\/wp-json\/wp\/v2\/comments?post=1994"}],"version-history":[{"count":4,"href":"https:\/\/lastwar-tutorial.com\/vi\/wp-json\/wp\/v2\/pages\/1994\/revisions"}],"predecessor-version":[{"id":2001,"href":"https:\/\/lastwar-tutorial.com\/vi\/wp-json\/wp\/v2\/pages\/1994\/revisions\/2001"}],"wp:attachment":[{"href":"https:\/\/lastwar-tutorial.com\/vi\/wp-json\/wp\/v2\/media?parent=1994"}],"curies":[{"name":"wp","href":"https:\/\/api.w.org\/{rel}","templated":true}]}}